{"id":1087,"date":"2021-02-13T11:31:28","date_gmt":"2021-02-13T10:31:28","guid":{"rendered":"http:\/\/fee.carlarey.es\/?page_id=1087"},"modified":"2021-03-31T19:33:22","modified_gmt":"2021-03-31T18:33:22","slug":"interpretacion-coeficientes-estimados","status":"publish","type":"page","link":"https:\/\/fee.carlarey.es\/index.php\/e-learning\/interpretacion-coeficientes-estimados\/","title":{"rendered":"Interpretaci\u00f3n coeficientes estimados"},"content":{"rendered":"\t\t<div data-elementor-type=\"wp-page\" data-elementor-id=\"1087\" class=\"elementor elementor-1087\">\n\t\t\t\t\t\t\t\t\t<section class=\"elementor-section elementor-top-section elementor-element elementor-element-59eec7f elementor-section-boxed elementor-section-height-default elementor-section-height-default\" data-id=\"59eec7f\" data-element_type=\"section\">\n\t\t\t\t\t\t<div class=\"elementor-container elementor-column-gap-default\">\n\t\t\t\t\t<div class=\"elementor-column elementor-col-100 elementor-top-column elementor-element elementor-element-cebd7ef\" data-id=\"cebd7ef\" data-element_type=\"column\">\n\t\t\t<div class=\"elementor-widget-wrap elementor-element-populated\">\n\t\t\t\t\t\t\t\t<div class=\"elementor-element elementor-element-342c81b elementor-widget elementor-widget-heading\" data-id=\"342c81b\" data-element_type=\"widget\" data-widget_type=\"heading.default\">\n\t\t\t\t<div class=\"elementor-widget-container\">\n\t\t\t<h2 class=\"elementor-heading-title elementor-size-default\">\u00bfQu\u00e9 informaci\u00f3n proporcionan los valores de <span class=\"katex-eq\" data-katex-display=\"false\"> b_{i} <\/span> que se obtienen en el proceso de estimaci\u00f3n?<\/h2>\t\t<\/div>\n\t\t\t\t<\/div>\n\t\t\t\t<div class=\"elementor-element elementor-element-d413f68 elementor-widget elementor-widget-text-editor\" data-id=\"d413f68\" data-element_type=\"widget\" data-widget_type=\"text-editor.default\">\n\t\t\t\t<div class=\"elementor-widget-container\">\n\t\t\t\t\t\t\t<p>La interpretaci\u00f3n de los coeficientes \u2014<span class=\"katex-eq\" data-katex-display=\"false\"> b_i <\/span>\u2014 var\u00eda dependiendo de si el modelo es lineal o si ha sido transformado en lineal mediante alg\u00fan cambio en las variables.<\/p><p>Es recomendable decidir, en cada caso particular, la conveniencia o no de utilizar modelos no lineales en base a la teor\u00eda econ\u00f3mica y al conocimiento previo de la realidad que se pretende modelizar.\u00a0 En las aplicaciones emp\u00edricas es habitual encontrase con modelos no lineales, por ejemplo, en aquellos que explican los incrementos salariales, las funciones de demanda, de producci\u00f3n o de costes.<\/p><p>El ensayo de formas funcionales alternativas exige una comparaci\u00f3n de resultados que debe realizarse, en cualquier caso, con mucha cautela.\u00a0<\/p>\t\t\t\t\t\t<\/div>\n\t\t\t\t<\/div>\n\t\t\t\t\t<\/div>\n\t\t<\/div>\n\t\t\t\t\t\t\t<\/div>\n\t\t<\/section>\n\t\t\t\t<section class=\"elementor-section elementor-top-section elementor-element elementor-element-273cd9c elementor-section-boxed elementor-section-height-default elementor-section-height-default\" data-id=\"273cd9c\" data-element_type=\"section\">\n\t\t\t\t\t\t<div class=\"elementor-container elementor-column-gap-default\">\n\t\t\t\t\t<div class=\"elementor-column elementor-col-100 elementor-top-column elementor-element elementor-element-cfbf72b\" data-id=\"cfbf72b\" data-element_type=\"column\">\n\t\t\t<div class=\"elementor-widget-wrap elementor-element-populated\">\n\t\t\t\t\t\t\t\t<div class=\"elementor-element elementor-element-2d8d405 elementor-widget elementor-widget-heading\" data-id=\"2d8d405\" data-element_type=\"widget\" data-widget_type=\"heading.default\">\n\t\t\t\t<div class=\"elementor-widget-container\">\n\t\t\t<h2 class=\"elementor-heading-title elementor-size-default\">Modelo lineal en variables: <span class=\"katex-eq\" data-katex-display=\"false\"> \\widehat y_{t} = b_0 + b_1\u00b7 x_{1t} + \u00b7\u00b7\u00b7 + b_k \u00b7 x_{kt} <\/span><\/h2>\t\t<\/div>\n\t\t\t\t<\/div>\n\t\t\t\t<div class=\"elementor-element elementor-element-e8b74a6 elementor-widget elementor-widget-text-editor\" data-id=\"e8b74a6\" data-element_type=\"widget\" data-widget_type=\"text-editor.default\">\n\t\t\t\t<div class=\"elementor-widget-container\">\n\t\t\t\t\t\t\t<p>El valor de <span class=\"katex-eq\" data-katex-display=\"false\"> b_0<\/span> \u2014<strong>estimaci\u00f3n de la ordenada en el origen<\/strong> <span class=\"katex-eq\" data-katex-display=\"false\"> \\beta_0<\/span>\u2014 indica el valor que se estima que, por t\u00e9rmino medio, toma la variable explicada cuando todas las explicativas se anulan. <span style=\"color: var( --e-global-color-text ); font-family: var( --e-global-typography-text-font-family ), Sans-serif; font-weight: var( --e-global-typography-text-font-weight ); font-size: 1rem;\">Desde el punto de vista econ\u00f3mico, esta estimaci\u00f3n no suele proporcionar informaci\u00f3n relevante porque lo m\u00e1s frecuente es que no todas las variables explicativas puedan anularse.<\/span><\/p><p>Los valores de <span class=\"katex-eq\" data-katex-display=\"false\"> b_1, b_2, \u00b7\u00b7\u00b7, b_k<\/span> \u2014<strong>estimaciones de los coeficientes angulares<\/strong> <span class=\"katex-eq\" data-katex-display=\"false\"> \\beta_1, \\beta_2, \u00b7\u00b7\u00b7, \\beta_k<\/span>\u2014 indican la magnitud del cambio estimado, por t\u00e9rmino medio, en la variable explicada si var\u00eda en una unidad una de las explicativas, suponiendo constantes todas las dem\u00e1s (<em>efectos parciales o efectos ceteris paribus<\/em>).\u00a0<\/p>\t\t\t\t\t\t<\/div>\n\t\t\t\t<\/div>\n\t\t\t\t\t<\/div>\n\t\t<\/div>\n\t\t\t\t\t\t\t<\/div>\n\t\t<\/section>\n\t\t\t\t<section class=\"elementor-section elementor-top-section elementor-element elementor-element-894aedb elementor-section-boxed elementor-section-height-default elementor-section-height-default\" data-id=\"894aedb\" data-element_type=\"section\">\n\t\t\t\t\t\t<div class=\"elementor-container elementor-column-gap-default\">\n\t\t\t\t\t<div class=\"elementor-column elementor-col-100 elementor-top-column elementor-element elementor-element-164499a\" data-id=\"164499a\" data-element_type=\"column\">\n\t\t\t<div class=\"elementor-widget-wrap elementor-element-populated\">\n\t\t\t\t\t\t\t\t<div class=\"elementor-element elementor-element-d3c8cac elementor-widget elementor-widget-heading\" data-id=\"d3c8cac\" data-element_type=\"widget\" data-widget_type=\"heading.default\">\n\t\t\t\t<div class=\"elementor-widget-container\">\n\t\t\t<h3 class=\"elementor-heading-title elementor-size-default\">Caso pr\u00e1ctico: modelo ventas<\/h3>\t\t<\/div>\n\t\t\t\t<\/div>\n\t\t\t\t<div class=\"elementor-element elementor-element-7211ad6 elementor-widget elementor-widget-text-editor\" data-id=\"7211ad6\" data-element_type=\"widget\" data-widget_type=\"text-editor.default\">\n\t\t\t\t<div class=\"elementor-widget-container\">\n\t\t\t\t\t\t\t<p style=\"text-align: center;\"><span class=\"katex-eq\" data-katex-display=\"false\"> \\widehat V_t = 164,411 -7,96782 \\thinspace PP_t + 3,5303 \\thinspace PPC_t <\/span><\/p><p>donde V representa a las ventas, expresadas en miles de euros, PP al precio del producto y PPC al precio del producto competitivo, ambos expresados en euros\/unidad.<\/p>\t\t\t\t\t\t<\/div>\n\t\t\t\t<\/div>\n\t\t\t\t<div class=\"elementor-element elementor-element-beeb1f6 elementor-widget elementor-widget-heading\" data-id=\"beeb1f6\" data-element_type=\"widget\" data-widget_type=\"heading.default\">\n\t\t\t\t<div class=\"elementor-widget-container\">\n\t\t\t<h4 class=\"elementor-heading-title elementor-size-default\">Interpretaci\u00f3n de los coeficientes estimados<\/h4>\t\t<\/div>\n\t\t\t\t<\/div>\n\t\t\t\t<div class=\"elementor-element elementor-element-6b0aa9e elementor-widget elementor-widget-toggle\" data-id=\"6b0aa9e\" data-element_type=\"widget\" data-widget_type=\"toggle.default\">\n\t\t\t\t<div class=\"elementor-widget-container\">\n\t\t\t\t\t<div class=\"elementor-toggle\">\n\t\t\t\t\t\t\t<div class=\"elementor-toggle-item\">\n\t\t\t\t\t<h3 id=\"elementor-tab-title-1121\" class=\"elementor-tab-title\" data-tab=\"1\" role=\"button\" aria-controls=\"elementor-tab-content-1121\" aria-expanded=\"false\">\n\t\t\t\t\t\t\t\t\t\t\t\t<span class=\"elementor-toggle-icon elementor-toggle-icon-left\" aria-hidden=\"true\">\n\t\t\t\t\t\t\t\t\t\t\t\t\t\t\t<span class=\"elementor-toggle-icon-closed\"><i class=\"fas fa-caret-right\"><\/i><\/span>\n\t\t\t\t\t\t\t\t<span class=\"elementor-toggle-icon-opened\"><i class=\"elementor-toggle-icon-opened fas fa-caret-up\"><\/i><\/span>\n\t\t\t\t\t\t\t\t\t\t\t\t\t<\/span>\n\t\t\t\t\t\t\t\t\t\t\t\t<a class=\"elementor-toggle-title\" tabindex=\"0\"><span class=\"katex-eq\" data-katex-display=\"false\">b_0<\/span><\/a>\n\t\t\t\t\t<\/h3>\n\n\t\t\t\t\t<div id=\"elementor-tab-content-1121\" class=\"elementor-tab-content elementor-clearfix\" data-tab=\"1\" role=\"region\" aria-labelledby=\"elementor-tab-title-1121\"><p>El valor de <span class=\"katex-eq\" data-katex-display=\"false\">b_0 <\/span> indica que si el precio del producto y el del bien competitivo fuesen cero, por t\u00e9rmino medio el valor estimado de las ventas ser\u00eda 164,411 miles de euros:<\/p><p style=\"text-align: center;\"><span class=\"katex-eq\" data-katex-display=\"false\"> \\color {black}\u00a0 \\widehat V_t = 164,411 -7,96782\u00b7 \\color {red} 0 \\color {black} + 3,5303\u00a0 \u00b7 \\color {red} 0 \\color {black} = 164,411 <\/span><\/p><p style=\"text-align: left;\">Desde el punto de vista econ\u00f3mico, esta interpretaci\u00f3n carece de significado puesto que no tiene sentido que los precios de ambos productos se anulen.<\/p><\/div>\n\t\t\t\t<\/div>\n\t\t\t\t\t\t\t<div class=\"elementor-toggle-item\">\n\t\t\t\t\t<h3 id=\"elementor-tab-title-1122\" class=\"elementor-tab-title\" data-tab=\"2\" role=\"button\" aria-controls=\"elementor-tab-content-1122\" aria-expanded=\"false\">\n\t\t\t\t\t\t\t\t\t\t\t\t<span class=\"elementor-toggle-icon elementor-toggle-icon-left\" aria-hidden=\"true\">\n\t\t\t\t\t\t\t\t\t\t\t\t\t\t\t<span class=\"elementor-toggle-icon-closed\"><i class=\"fas fa-caret-right\"><\/i><\/span>\n\t\t\t\t\t\t\t\t<span class=\"elementor-toggle-icon-opened\"><i class=\"elementor-toggle-icon-opened fas fa-caret-up\"><\/i><\/span>\n\t\t\t\t\t\t\t\t\t\t\t\t\t<\/span>\n\t\t\t\t\t\t\t\t\t\t\t\t<a class=\"elementor-toggle-title\" tabindex=\"0\"><span class=\"katex-eq\" data-katex-display=\"false\">b_1<\/span><\/a>\n\t\t\t\t\t<\/h3>\n\n\t\t\t\t\t<div id=\"elementor-tab-content-1122\" class=\"elementor-tab-content elementor-clearfix\" data-tab=\"2\" role=\"region\" aria-labelledby=\"elementor-tab-title-1122\"><p><span class=\"katex-eq\" data-katex-display=\"false\"> b_1 \\eqsim -7,97<\/span> es la variaci\u00f3n que experimentan por t\u00e9rmino medio las ventas estimadas si el precio del producto se incrementa en una unidad y el precio del bien competitivo permanece constante.\u00a0<\/p><p>Si ambos precios fuesen 12 \u20ac\/unidad, se estima que por t\u00e9rmino medio se vender\u00edan 111,161 miles de euros (111.161\u20ac):<\/p><p style=\"text-align: center;\"><span class=\"katex-eq\" data-katex-display=\"false\"> \\color {black} \\widehat V_{t-1} = 164,411 -7,96782\u00b7 \\color {red}12 \\color {black}+ 3,5303\u00a0 \u00b7 \\color {red}12 \\color {black}= 111,161 <\/span><\/p><p>Pero si PP se incrementa en una unidad y PPC se mantiene constante (<em>ceteris paribus<\/em>), por t\u00e9rmino medio las ventas estimadas ser\u00edan 103,193 miles de euros (103.193\u20ac).<\/p><p style=\"text-align: center;\"><span class=\"katex-eq\" data-katex-display=\"false\">\\color {black} \\widehat V_t = 164,411 -7,96782\u00b7 \\color {red}13 \\color {black}+ 3,5303\u00a0 \u00b7 \\color {red}12 \\color {black}= 103,193 <\/span><\/p><p>La variaci\u00f3n que se produce en las ventas estimadas es, aproximadamente, de -7,97 miles de euros:<\/p><p style=\"text-align: center;\"><span class=\"katex-eq\" data-katex-display=\"false\">\\color {black} \\Delta \\widehat V = \\widehat V_{t} &#8211; \\widehat V_{t-1} = 103,193 &#8211; 111,161 = -7,97 <\/span><\/p><p>El valor de <span class=\"katex-eq\" data-katex-display=\"false\">b_1<\/span> permite cuantificar el efecto parcial de los precios del producto sobre las ventas estimadas. El signo del estimador es coherente con los supuestos te\u00f3ricos.<\/p><\/div>\n\t\t\t\t<\/div>\n\t\t\t\t\t\t\t<div class=\"elementor-toggle-item\">\n\t\t\t\t\t<h3 id=\"elementor-tab-title-1123\" class=\"elementor-tab-title\" data-tab=\"3\" role=\"button\" aria-controls=\"elementor-tab-content-1123\" aria-expanded=\"false\">\n\t\t\t\t\t\t\t\t\t\t\t\t<span class=\"elementor-toggle-icon elementor-toggle-icon-left\" aria-hidden=\"true\">\n\t\t\t\t\t\t\t\t\t\t\t\t\t\t\t<span class=\"elementor-toggle-icon-closed\"><i class=\"fas fa-caret-right\"><\/i><\/span>\n\t\t\t\t\t\t\t\t<span class=\"elementor-toggle-icon-opened\"><i class=\"elementor-toggle-icon-opened fas fa-caret-up\"><\/i><\/span>\n\t\t\t\t\t\t\t\t\t\t\t\t\t<\/span>\n\t\t\t\t\t\t\t\t\t\t\t\t<a class=\"elementor-toggle-title\" tabindex=\"0\"><span class=\"katex-eq\" data-katex-display=\"false\">b_2<\/span><\/a>\n\t\t\t\t\t<\/h3>\n\n\t\t\t\t\t<div id=\"elementor-tab-content-1123\" class=\"elementor-tab-content elementor-clearfix\" data-tab=\"3\" role=\"region\" aria-labelledby=\"elementor-tab-title-1123\"><p><span class=\"katex-eq\" data-katex-display=\"false\"> b_2 \\eqsim 3,53<\/span> indica que si el precio del bien competitivo se incrementa en una unidad y el del producto se mantiene constante, se estima que, por t\u00e9rmino medio, las ventas aumentar\u00edan en 3,53 miles de euros (3.530\u20ac). Tal y como establecen los supuestos te\u00f3ricos, entre las ventas y los precios de un bien competitivo existe una relaci\u00f3n lineal directa.\u00a0<\/p><\/div>\n\t\t\t\t<\/div>\n\t\t\t\t\t\t\t\t<\/div>\n\t\t\t\t<\/div>\n\t\t\t\t<\/div>\n\t\t\t\t\t<\/div>\n\t\t<\/div>\n\t\t\t\t\t\t\t<\/div>\n\t\t<\/section>\n\t\t\t\t<section class=\"elementor-section elementor-top-section elementor-element elementor-element-630c810 elementor-section-boxed elementor-section-height-default elementor-section-height-default\" data-id=\"630c810\" data-element_type=\"section\">\n\t\t\t\t\t\t<div class=\"elementor-container elementor-column-gap-default\">\n\t\t\t\t\t<div class=\"elementor-column elementor-col-100 elementor-top-column elementor-element elementor-element-d14b629\" data-id=\"d14b629\" data-element_type=\"column\">\n\t\t\t<div class=\"elementor-widget-wrap elementor-element-populated\">\n\t\t\t\t\t\t\t\t<div class=\"elementor-element elementor-element-243786a elementor-widget elementor-widget-heading\" data-id=\"243786a\" data-element_type=\"widget\" data-widget_type=\"heading.default\">\n\t\t\t\t<div class=\"elementor-widget-container\">\n\t\t\t<h2 class=\"elementor-heading-title elementor-size-default\">Modelo doble logar\u00edtmico: <span class=\"katex-eq\" data-katex-display=\"false\"> \\widehat {ln \\thinspace y_{t}} = b_0 + b_1\u00b7  ln \\thinspace x_{1t} + \u00b7\u00b7\u00b7 + b_k \u00b7  ln \\thinspace x_{kt} <\/span><\/h2>\t\t<\/div>\n\t\t\t\t<\/div>\n\t\t\t\t<div class=\"elementor-element elementor-element-42a10de elementor-widget elementor-widget-text-editor\" data-id=\"42a10de\" data-element_type=\"widget\" data-widget_type=\"text-editor.default\">\n\t\t\t\t<div class=\"elementor-widget-container\">\n\t\t\t\t\t\t\t<p>El modelo no lineal en variables\u00a0<span class=\"katex-eq\" data-katex-display=\"false\"> y_t = e^{ \\beta_0} x_1^{ \\beta_1}\u00a0 \u00b7\u00b7\u00b7\u00a0 x_k^{ \\beta_k}\u00a0 e^{ \\varepsilon_t} <\/span>\u00a0se linealiza transformando tanto la variable explicada como las explicativas en sus logaritmos neperianos (el logaritmo natural o neperiano es la inversa de la funci\u00f3n exponencial, es decir, es la funci\u00f3n para la cual <span class=\"katex-eq\" data-katex-display=\"false\"> x= ln(e^{x}) <\/span>).<\/p><p style=\"text-align: center;\"><span class=\"katex-eq\" data-katex-display=\"false\"> ln \\thinspace y_t = \\beta_0 + \\beta_1 \u00b7 ln \\thinspace\u00a0 x_1 +\u00a0 \u00b7\u00b7\u00b7 + \\beta_k \u00b7 ln \\thinspace\u00a0 x_k +\u00a0 \u00a0\\varepsilon_t <\/span><\/p><p>El valor de <span class=\"katex-eq\" data-katex-display=\"false\">b_0<\/span> \u2014 <strong>estimaci\u00f3n de la ordenada en origen<\/strong> <span class=\"katex-eq\" data-katex-display=\"false\">\\beta_0<\/span>\u2014\u00a0 indica por t\u00e9rmino medio el valor estimado del logaritmo neperiano de la variable &#8216;<em>y&#8217;<\/em> cuando los logaritmos neperianos de las variables <span class=\"katex-eq\" data-katex-display=\"false\"> x_1, x_2, \u00b7\u00b7\u00b7, x_k<\/span> son cero.<\/p><p>Los valores de <span class=\"katex-eq\" data-katex-display=\"false\"> b_1, b_2, \u00b7\u00b7\u00b7, b_k<\/span> \u2014<strong>estimaciones de los coeficientes angulares<\/strong> <span class=\"katex-eq\" data-katex-display=\"false\"> \\beta_1, \\beta_2, \u00b7\u00b7\u00b7, \\beta_k<\/span>\u2014 indican por t\u00e9rmino medio el porcentaje de variaci\u00f3n estimado de la variable <em>&#8216;y&#8217; <\/em>cuando var\u00eda en un 1% la <span class=\"katex-eq\" data-katex-display=\"false\">x_i<\/span> correspondiente, permaneciendo constantes todas las dem\u00e1s.<\/p><p>Desde un punto de vista econ\u00f3mico, <span class=\"katex-eq\" data-katex-display=\"false\"> b_1, b_2, \u00b7\u00b7\u00b7, b_k <\/span> son una estimaci\u00f3n de las elasticidades.<\/p>\t\t\t\t\t\t<\/div>\n\t\t\t\t<\/div>\n\t\t\t\t\t<\/div>\n\t\t<\/div>\n\t\t\t\t\t\t\t<\/div>\n\t\t<\/section>\n\t\t\t\t<section class=\"elementor-section elementor-top-section elementor-element elementor-element-52cf442 elementor-section-boxed elementor-section-height-default elementor-section-height-default\" data-id=\"52cf442\" data-element_type=\"section\">\n\t\t\t\t\t\t<div class=\"elementor-container elementor-column-gap-default\">\n\t\t\t\t\t<div class=\"elementor-column elementor-col-100 elementor-top-column elementor-element elementor-element-d0c14a3\" data-id=\"d0c14a3\" data-element_type=\"column\">\n\t\t\t<div class=\"elementor-widget-wrap elementor-element-populated\">\n\t\t\t\t\t\t\t\t<div class=\"elementor-element elementor-element-016c4ea elementor-widget elementor-widget-heading\" data-id=\"016c4ea\" data-element_type=\"widget\" data-widget_type=\"heading.default\">\n\t\t\t\t<div class=\"elementor-widget-container\">\n\t\t\t<h3 class=\"elementor-heading-title elementor-size-default\">Caso pr\u00e1ctico: modelo ventas<\/h3>\t\t<\/div>\n\t\t\t\t<\/div>\n\t\t\t\t<div class=\"elementor-element elementor-element-822072a elementor-widget elementor-widget-text-editor\" data-id=\"822072a\" data-element_type=\"widget\" data-widget_type=\"text-editor.default\">\n\t\t\t\t<div class=\"elementor-widget-container\">\n\t\t\t\t\t\t\t<p style=\"text-align: center;\">\u00a0<span class=\"katex-eq\" data-katex-display=\"false\"> \\widehat {ln \\thinspace V_t} = 5,30 \\thinspace &#8211; \\thinspace 0,52\u00a0 ln \\thinspace\u00a0 PP_t \\thinspace + \\thinspace 0,30\u00a0 ln \\thinspace\u00a0 PPC_t\u00a0 <\/span><\/p><p>donde <span class=\"katex-eq\" data-katex-display=\"false\">ln \\thinspace V<\/span> representa al logaritmo neperiano de las ventas, <span class=\"katex-eq\" data-katex-display=\"false\">ln \\thinspace PP<\/span> al del precio del producto y <span class=\"katex-eq\" data-katex-display=\"false\">ln \\thinspace PPC<\/span> al del precio del producto competitivo.<\/p>\t\t\t\t\t\t<\/div>\n\t\t\t\t<\/div>\n\t\t\t\t<div class=\"elementor-element elementor-element-a78f955 elementor-widget elementor-widget-heading\" data-id=\"a78f955\" data-element_type=\"widget\" data-widget_type=\"heading.default\">\n\t\t\t\t<div class=\"elementor-widget-container\">\n\t\t\t<h4 class=\"elementor-heading-title elementor-size-default\">Interpretaci\u00f3n de los coeficientes estimados<\/h4>\t\t<\/div>\n\t\t\t\t<\/div>\n\t\t\t\t<div class=\"elementor-element elementor-element-1d08e13 elementor-widget elementor-widget-toggle\" data-id=\"1d08e13\" data-element_type=\"widget\" data-widget_type=\"toggle.default\">\n\t\t\t\t<div class=\"elementor-widget-container\">\n\t\t\t\t\t<div class=\"elementor-toggle\">\n\t\t\t\t\t\t\t<div class=\"elementor-toggle-item\">\n\t\t\t\t\t<h3 id=\"elementor-tab-title-3041\" class=\"elementor-tab-title\" data-tab=\"1\" role=\"button\" aria-controls=\"elementor-tab-content-3041\" aria-expanded=\"false\">\n\t\t\t\t\t\t\t\t\t\t\t\t<span class=\"elementor-toggle-icon elementor-toggle-icon-left\" aria-hidden=\"true\">\n\t\t\t\t\t\t\t\t\t\t\t\t\t\t\t<span class=\"elementor-toggle-icon-closed\"><i class=\"fas fa-caret-right\"><\/i><\/span>\n\t\t\t\t\t\t\t\t<span class=\"elementor-toggle-icon-opened\"><i class=\"elementor-toggle-icon-opened fas fa-caret-up\"><\/i><\/span>\n\t\t\t\t\t\t\t\t\t\t\t\t\t<\/span>\n\t\t\t\t\t\t\t\t\t\t\t\t<a class=\"elementor-toggle-title\" tabindex=\"0\"><span class=\"katex-eq\" data-katex-display=\"false\">b_0<\/span><\/a>\n\t\t\t\t\t<\/h3>\n\n\t\t\t\t\t<div id=\"elementor-tab-content-3041\" class=\"elementor-tab-content elementor-clearfix\" data-tab=\"1\" role=\"region\" aria-labelledby=\"elementor-tab-title-3041\"><p><span class=\"katex-eq\" data-katex-display=\"false\">b_0 = 5,30<\/span> es, por t\u00e9rmino medio, el valor estimado del logaritmo neperiano de las ventas si los logaritmos neperianos de las variables precio del bien y precio del bien competitivo son cero \u2014<span class=\"katex-eq\" data-katex-display=\"false\"> ln \\thinspace x = 0 \\rightarrow x =1<\/span>\u2014\u00a0 por tanto, si los precios de los productos fuesen unitarios, se estima que las ventas ser\u00edan 200,34 miles de euros ya que: <span class=\"katex-eq\" data-katex-display=\"false\"> \\widehat {V} = e^{5,30} = 200,34<\/span><\/p><\/div>\n\t\t\t\t<\/div>\n\t\t\t\t\t\t\t<div class=\"elementor-toggle-item\">\n\t\t\t\t\t<h3 id=\"elementor-tab-title-3042\" class=\"elementor-tab-title\" data-tab=\"2\" role=\"button\" aria-controls=\"elementor-tab-content-3042\" aria-expanded=\"false\">\n\t\t\t\t\t\t\t\t\t\t\t\t<span class=\"elementor-toggle-icon elementor-toggle-icon-left\" aria-hidden=\"true\">\n\t\t\t\t\t\t\t\t\t\t\t\t\t\t\t<span class=\"elementor-toggle-icon-closed\"><i class=\"fas fa-caret-right\"><\/i><\/span>\n\t\t\t\t\t\t\t\t<span class=\"elementor-toggle-icon-opened\"><i class=\"elementor-toggle-icon-opened fas fa-caret-up\"><\/i><\/span>\n\t\t\t\t\t\t\t\t\t\t\t\t\t<\/span>\n\t\t\t\t\t\t\t\t\t\t\t\t<a class=\"elementor-toggle-title\" tabindex=\"0\"><span class=\"katex-eq\" data-katex-display=\"false\">b_1<\/span><\/a>\n\t\t\t\t\t<\/h3>\n\n\t\t\t\t\t<div id=\"elementor-tab-content-3042\" class=\"elementor-tab-content elementor-clearfix\" data-tab=\"2\" role=\"region\" aria-labelledby=\"elementor-tab-title-3042\"><p><span class=\"katex-eq\" data-katex-display=\"false\"> b_1 = -0,52<\/span> indica que si los precios del producto se incrementan un 1%, y los del bien competitivo se mantienen constantes, se estima que, por t\u00e9rmino medio, la ventas disminuir\u00edan un 0,52%.<\/p><p>Si ambos precios fuesen 12\u20ac\/unidad:<\/p><p style=\"text-align: center;\"><span class=\"katex-eq\" data-katex-display=\"false\"> \\color {black} \\widehat {ln \\thinspace V_t} = 5,30 \\thinspace &#8211; \\thinspace 0,52\u00a0 ln \\thinspace\u00a0 \\color {red} 12 \\thinspace \\color {black} + \\thinspace 0,30\u00a0 ln \\thinspace\u00a0 \\color {red}12\u00a0 \\color {black}= 4,7533 \\rightarrow \\widehat {V}_{t} = 115,97<\/span><\/p><p>Pero si PP se incrementa en un 1% y PPC se mantiene constante:<\/p><p style=\"text-align: center;\"><span class=\"katex-eq\" data-katex-display=\"false\">\\color {black} \\widehat {ln \\thinspace V_t} = 5,30 \\thinspace &#8211; \\thinspace 0,52\u00a0 ln \\thinspace \\color {red} 12,12 \\thinspace \\color {black} + \\thinspace 0,30\u00a0 ln \\thinspace \\color {red} 12 \\color {black} = 4,7481 \\rightarrow \\widehat {V}_{t} = 115,37<\/span><\/p><p>Por tanto:<\/p><p style=\"text-align: center;\"><span class=\"katex-eq\" data-katex-display=\"false\">\\color {black} b_1 = \\frac {(115,37 -115,97)}{115,97} *100 = -0,52<\/span><\/p><\/div>\n\t\t\t\t<\/div>\n\t\t\t\t\t\t\t<div class=\"elementor-toggle-item\">\n\t\t\t\t\t<h3 id=\"elementor-tab-title-3043\" class=\"elementor-tab-title\" data-tab=\"3\" role=\"button\" aria-controls=\"elementor-tab-content-3043\" aria-expanded=\"false\">\n\t\t\t\t\t\t\t\t\t\t\t\t<span class=\"elementor-toggle-icon elementor-toggle-icon-left\" aria-hidden=\"true\">\n\t\t\t\t\t\t\t\t\t\t\t\t\t\t\t<span class=\"elementor-toggle-icon-closed\"><i class=\"fas fa-caret-right\"><\/i><\/span>\n\t\t\t\t\t\t\t\t<span class=\"elementor-toggle-icon-opened\"><i class=\"elementor-toggle-icon-opened fas fa-caret-up\"><\/i><\/span>\n\t\t\t\t\t\t\t\t\t\t\t\t\t<\/span>\n\t\t\t\t\t\t\t\t\t\t\t\t<a class=\"elementor-toggle-title\" tabindex=\"0\"><span class=\"katex-eq\" data-katex-display=\"false\">b_2<\/span><\/a>\n\t\t\t\t\t<\/h3>\n\n\t\t\t\t\t<div id=\"elementor-tab-content-3043\" class=\"elementor-tab-content elementor-clearfix\" data-tab=\"3\" role=\"region\" aria-labelledby=\"elementor-tab-title-3043\"><p><span class=\"katex-eq\" data-katex-display=\"false\"> b_2 = 0,30<\/span> indica que si los precios del producto se mantienen constantes y el del bien competitivo se incrementa en un 1%, se estima que, por t\u00e9rmino medio, las ventas aumentar\u00edan un 0,30%.<\/p><\/div>\n\t\t\t\t<\/div>\n\t\t\t\t\t\t\t\t<\/div>\n\t\t\t\t<\/div>\n\t\t\t\t<\/div>\n\t\t\t\t\t<\/div>\n\t\t<\/div>\n\t\t\t\t\t\t\t<\/div>\n\t\t<\/section>\n\t\t\t\t\t\t\t<\/div>\n\t\t","protected":false},"excerpt":{"rendered":"<p>\u00bfQu\u00e9 informaci\u00f3n proporcionan los valores de que se obtienen en el proceso de estimaci\u00f3n? La interpretaci\u00f3n de los coeficientes \u2014\u2014 var\u00eda dependiendo de si el modelo es lineal o si ha sido transformado en lineal mediante alg\u00fan cambio en las variables. Es recomendable decidir, en cada caso particular, la conveniencia o no de utilizar modelos &hellip; <\/p>\n<p class=\"link-more\"><a href=\"https:\/\/fee.carlarey.es\/index.php\/e-learning\/interpretacion-coeficientes-estimados\/\" class=\"more-link\">Continuar leyendo<span class=\"screen-reader-text\"> \u00abInterpretaci\u00f3n coeficientes estimados\u00bb<\/span><\/a><\/p>\n","protected":false},"author":1,"featured_media":0,"parent":2780,"menu_order":3,"comment_status":"closed","ping_status":"closed","template":"elementor_header_footer","meta":[],"_links":{"self":[{"href":"https:\/\/fee.carlarey.es\/index.php\/wp-json\/wp\/v2\/pages\/1087"}],"collection":[{"href":"https:\/\/fee.carlarey.es\/index.php\/wp-json\/wp\/v2\/pages"}],"about":[{"href":"https:\/\/fee.carlarey.es\/index.php\/wp-json\/wp\/v2\/types\/page"}],"author":[{"embeddable":true,"href":"https:\/\/fee.carlarey.es\/index.php\/wp-json\/wp\/v2\/users\/1"}],"replies":[{"embeddable":true,"href":"https:\/\/fee.carlarey.es\/index.php\/wp-json\/wp\/v2\/comments?post=1087"}],"version-history":[{"count":1147,"href":"https:\/\/fee.carlarey.es\/index.php\/wp-json\/wp\/v2\/pages\/1087\/revisions"}],"predecessor-version":[{"id":15534,"href":"https:\/\/fee.carlarey.es\/index.php\/wp-json\/wp\/v2\/pages\/1087\/revisions\/15534"}],"up":[{"embeddable":true,"href":"https:\/\/fee.carlarey.es\/index.php\/wp-json\/wp\/v2\/pages\/2780"}],"wp:attachment":[{"href":"https:\/\/fee.carlarey.es\/index.php\/wp-json\/wp\/v2\/media?parent=1087"}],"curies":[{"name":"wp","href":"https:\/\/api.w.org\/{rel}","templated":true}]}}