{"id":47,"date":"2021-02-12T15:35:40","date_gmt":"2021-02-12T14:35:40","guid":{"rendered":"http:\/\/fee.carlarey.es\/?page_id=47"},"modified":"2025-09-04T11:13:14","modified_gmt":"2025-09-04T10:13:14","slug":"cuestiones-academicas","status":"publish","type":"page","link":"https:\/\/fee.carlarey.es\/index.php\/cuestiones-academicas\/","title":{"rendered":"Cuestiones acad\u00e9micas"},"content":{"rendered":"\t\t<div data-elementor-type=\"wp-page\" data-elementor-id=\"47\" class=\"elementor elementor-47\">\n\t\t\t\t\t\t\t\t\t<section class=\"elementor-section elementor-top-section elementor-element elementor-element-2a34c44 elementor-section-boxed elementor-section-height-default elementor-section-height-default\" data-id=\"2a34c44\" data-element_type=\"section\">\n\t\t\t\t\t\t<div class=\"elementor-container elementor-column-gap-default\">\n\t\t\t\t\t<div class=\"elementor-column elementor-col-100 elementor-top-column elementor-element elementor-element-00640e9\" data-id=\"00640e9\" data-element_type=\"column\">\n\t\t\t<div class=\"elementor-widget-wrap elementor-element-populated\">\n\t\t\t\t\t\t\t\t<div class=\"elementor-element elementor-element-06ea645 elementor-widget elementor-widget-heading\" data-id=\"06ea645\" data-element_type=\"widget\" data-widget_type=\"heading.default\">\n\t\t\t\t<div class=\"elementor-widget-container\">\n\t\t\t<h2 class=\"elementor-heading-title elementor-size-default\">Introducci\u00f3n a la Econometr\u00eda, Econometr\u00eda I y Econometr\u00eda<\/h2>\t\t<\/div>\n\t\t\t\t<\/div>\n\t\t\t\t<div class=\"elementor-element elementor-element-2c6cd12 elementor-widget elementor-widget-heading\" data-id=\"2c6cd12\" data-element_type=\"widget\" data-widget_type=\"heading.default\">\n\t\t\t\t<div class=\"elementor-widget-container\">\n\t\t\t<h3 class=\"elementor-heading-title elementor-size-default\">Grados en Ciencias Empresariales, en Econom\u00eda y en Administraci\u00f3n y Direcci\u00f3n de Empresas.<\/h3>\t\t<\/div>\n\t\t\t\t<\/div>\n\t\t\t\t\t<\/div>\n\t\t<\/div>\n\t\t\t\t\t\t\t<\/div>\n\t\t<\/section>\n\t\t\t\t<section class=\"elementor-section elementor-top-section elementor-element elementor-element-32ed1ef elementor-section-boxed elementor-section-height-default elementor-section-height-default\" data-id=\"32ed1ef\" data-element_type=\"section\">\n\t\t\t\t\t\t<div class=\"elementor-container elementor-column-gap-default\">\n\t\t\t\t\t<div class=\"elementor-column elementor-col-100 elementor-top-column elementor-element elementor-element-b8a3f63\" data-id=\"b8a3f63\" data-element_type=\"column\">\n\t\t\t<div class=\"elementor-widget-wrap elementor-element-populated\">\n\t\t\t\t\t\t\t\t<div class=\"elementor-element elementor-element-0905e30 elementor-widget elementor-widget-text-editor\" data-id=\"0905e30\" data-element_type=\"widget\" data-widget_type=\"text-editor.default\">\n\t\t\t\t<div class=\"elementor-widget-container\">\n\t\t\t\t\t\t\t<p>El objetivo de estas asignaturas es conocer las herramientas necesarias para realizar un an\u00e1lisis econom\u00e9trico b\u00e1sico.\u00a0<\/p><p>En el grado en <em>Econom\u00eda<\/em>, la asignatura se divide en tres partes. La primera, <em>Introducci\u00f3n a la Econometr\u00eda<\/em>, se cursa en el cuarto cuatrimestre del grado; la segunda,\u00a0 <em>Econometr\u00eda I,<\/em> en el quinto y la tercera, <em>Econometr\u00eda II,<\/em> en el sexto.<\/p><p>En el grado en <em>Administraci\u00f3n y Direcci\u00f3n de Empresas<\/em>, se divide en dos partes. La primera, <em>Introducci\u00f3n a la Econometr\u00eda<\/em>, se cursa en el tercer cuatrimestre del grado y la segunda,\u00a0 <em>Econometr\u00eda,<\/em> en el cuarto.<\/p><p><span style=\"font-size: 1rem;\">En el grado en <\/span><em style=\"font-size: 1rem;\">Ciencias Empresariales, <\/em>hay una \u00fanica materia dedicada a esta disciplina:<span style=\"font-size: 1rem;\">\u00a0<\/span><em style=\"font-size: 1rem;\">Introducci\u00f3n a la Econometr\u00eda,<\/em><span style=\"font-size: 1rem;\">\u00a0que se cursa en el quinto cuatrimestre.<\/span><\/p>\t\t\t\t\t\t<\/div>\n\t\t\t\t<\/div>\n\t\t\t\t\t<\/div>\n\t\t<\/div>\n\t\t\t\t\t\t\t<\/div>\n\t\t<\/section>\n\t\t\t\t<section class=\"elementor-section elementor-top-section elementor-element elementor-element-0a3b16f elementor-section-boxed elementor-section-height-default elementor-section-height-default\" data-id=\"0a3b16f\" data-element_type=\"section\">\n\t\t\t\t\t\t<div class=\"elementor-container elementor-column-gap-default\">\n\t\t\t\t\t<div class=\"elementor-column elementor-col-100 elementor-top-column elementor-element elementor-element-332e51b\" data-id=\"332e51b\" data-element_type=\"column\">\n\t\t\t<div class=\"elementor-widget-wrap elementor-element-populated\">\n\t\t\t\t\t\t\t\t<div class=\"elementor-element elementor-element-5f0ac6f elementor-widget elementor-widget-heading\" data-id=\"5f0ac6f\" data-element_type=\"widget\" data-widget_type=\"heading.default\">\n\t\t\t\t<div class=\"elementor-widget-container\">\n\t\t\t<h3 class=\"elementor-heading-title elementor-size-default\">Gu\u00edas docentes y programas<\/h3>\t\t<\/div>\n\t\t\t\t<\/div>\n\t\t\t\t<div class=\"elementor-element elementor-element-3449b3f elementor-widget elementor-widget-text-editor\" data-id=\"3449b3f\" data-element_type=\"widget\" data-widget_type=\"text-editor.default\">\n\t\t\t\t<div class=\"elementor-widget-container\">\n\t\t\t\t\t\t\t<p>El contenido que aqu\u00ed se muestra corresponde a las asignaturas que impartimos: <em>Introducci\u00f3n a la Econometr\u00eda<\/em> <a href=\"https:\/\/academica.udc.gal\/doa\/consultaPublica\/look[conpub]InicioPubGuiaDocAs?entradaPublica=true&amp;idiomaPais=gl.ES&amp;_gl=1*17larh0*_ga*NDY3NzAxNDcxLjE3MzY4NTUyMzI.*_ga_PKZEC02YMQ*czE3NTY3MjA2NjAkbzEkZzAkdDE3NTY3MjA2NjAkajYwJGwwJGgw\" target=\"_blank\" rel=\"noopener\">(<em><span style=\"color: #6ec1e4;\">GADU<\/span><\/em>)<\/a> del grado en <em>Ciencias Empresariales; Econometr\u00eda I <a href=\"https:\/\/academica.udc.gal\/doa\/consultaPublica\/look[conpub]InicioPubGuiaDocAs?entradaPublica=true&amp;idiomaPais=gl.ES&amp;_gl=1*17larh0*_ga*NDY3NzAxNDcxLjE3MzY4NTUyMzI.*_ga_PKZEC02YMQ*czE3NTY3MjA2NjAkbzEkZzAkdDE3NTY3MjA2NjAkajYwJGwwJGgw\" target=\"_blank\" rel=\"noopener\">(<span style=\"color: #6ec1e4;\">GADU<\/span>)<\/a> <\/em>del grado en <em>Econom\u00eda<\/em> y <em>Econometr\u00eda<\/em> (<a href=\"https:\/\/academica.udc.gal\/doa\/consultaPublica\/look[conpub]InicioPubGuiaDocAs?entradaPublica=true&amp;idiomaPais=gl.ES&amp;_gl=1*17larh0*_ga*NDY3NzAxNDcxLjE3MzY4NTUyMzI.*_ga_PKZEC02YMQ*czE3NTY3MjA2NjAkbzEkZzAkdDE3NTY3MjA2NjAkajYwJGwwJGgw\" target=\"_blank\" rel=\"noopener\"><em><span style=\"color: #6ec1e4;\">GADU<\/span><\/em>)<\/a> del grado en <em>Administraci\u00f3n y Direcci\u00f3n de Empresas<\/em>.<\/p>\t\t\t\t\t\t<\/div>\n\t\t\t\t<\/div>\n\t\t\t\t<div class=\"elementor-element elementor-element-f778e59 elementor-widget elementor-widget-toggle\" data-id=\"f778e59\" data-element_type=\"widget\" data-settings=\"{&quot;_animation&quot;:&quot;none&quot;}\" data-widget_type=\"toggle.default\">\n\t\t\t\t<div class=\"elementor-widget-container\">\n\t\t\t\t\t<div class=\"elementor-toggle\">\n\t\t\t\t\t\t\t<div class=\"elementor-toggle-item\">\n\t\t\t\t\t<div id=\"elementor-tab-title-2591\" class=\"elementor-tab-title\" data-tab=\"1\" role=\"button\" aria-controls=\"elementor-tab-content-2591\" aria-expanded=\"false\">\n\t\t\t\t\t\t\t\t\t\t\t\t<span class=\"elementor-toggle-icon elementor-toggle-icon-left\" aria-hidden=\"true\">\n\t\t\t\t\t\t\t\t\t\t\t\t\t\t\t<span class=\"elementor-toggle-icon-closed\"><i class=\"fas fa-caret-right\"><\/i><\/span>\n\t\t\t\t\t\t\t\t<span class=\"elementor-toggle-icon-opened\"><i class=\"elementor-toggle-icon-opened fas fa-caret-up\"><\/i><\/span>\n\t\t\t\t\t\t\t\t\t\t\t\t\t<\/span>\n\t\t\t\t\t\t\t\t\t\t\t\t<a class=\"elementor-toggle-title\" tabindex=\"0\">Introducci\u00f3n a la Econometr\u00eda<\/a>\n\t\t\t\t\t<\/div>\n\n\t\t\t\t\t<div id=\"elementor-tab-content-2591\" class=\"elementor-tab-content elementor-clearfix\" data-tab=\"1\" role=\"region\" aria-labelledby=\"elementor-tab-title-2591\"><ol><li style=\"list-style-type: none;\"><ol><li style=\"list-style-type: none;\"><ol><li>Econometr\u00eda y modelos econom\u00e9tricos<ul><li>Concepto de econometr\u00eda. M\u00e9todo.<\/li><li>Modelos econom\u00e9tricos. Elementos y clases.<\/li><\/ul><\/li><li>\u00a0El modelo de regresi\u00f3n lineal normal cl\u00e1sico (MRLNC)<ul><li>Hip\u00f3tesis<\/li><li>Estimaci\u00f3n<\/li><li>Propiedades de los estimadores<\/li><li>Bondad del ajuste<\/li><\/ul><\/li><li>\u00a0Inferencia en el modelo cl\u00e1sico<\/li><li>\u00a0Predicci\u00f3n<ul><li>Concepto y clases<\/li><li>Predicci\u00f3n \u00f3ptima en el modelo cl\u00e1sico<\/li><li>Medidas evaluadoras de la capacidad predictiva<\/li><li>La estabilidad param\u00e9trica<\/li><\/ul><\/li><\/ol><\/li><\/ol><\/li><\/ol><\/div>\n\t\t\t\t<\/div>\n\t\t\t\t\t\t\t<div class=\"elementor-toggle-item\">\n\t\t\t\t\t<div id=\"elementor-tab-title-2592\" class=\"elementor-tab-title\" data-tab=\"2\" role=\"button\" aria-controls=\"elementor-tab-content-2592\" aria-expanded=\"false\">\n\t\t\t\t\t\t\t\t\t\t\t\t<span class=\"elementor-toggle-icon elementor-toggle-icon-left\" aria-hidden=\"true\">\n\t\t\t\t\t\t\t\t\t\t\t\t\t\t\t<span class=\"elementor-toggle-icon-closed\"><i class=\"fas fa-caret-right\"><\/i><\/span>\n\t\t\t\t\t\t\t\t<span class=\"elementor-toggle-icon-opened\"><i class=\"elementor-toggle-icon-opened fas fa-caret-up\"><\/i><\/span>\n\t\t\t\t\t\t\t\t\t\t\t\t\t<\/span>\n\t\t\t\t\t\t\t\t\t\t\t\t<a class=\"elementor-toggle-title\" tabindex=\"0\">Econometr\u00eda I<\/a>\n\t\t\t\t\t<\/div>\n\n\t\t\t\t\t<div id=\"elementor-tab-content-2592\" class=\"elementor-tab-content elementor-clearfix\" data-tab=\"2\" role=\"region\" aria-labelledby=\"elementor-tab-title-2592\"><ol><li style=\"list-style-type: none;\"><ol><li style=\"list-style-type: none;\"><ol><li>\u00a0El modelo de regresi\u00f3n lineal normal cl\u00e1sico (MRLNC)<ul><li>Revisi\u00f3n de las hip\u00f3tesis<\/li><li>Propiedades de los estimadores<\/li><li>Bondad del ajuste<\/li><\/ul><\/li><li>\u00a0Inferencia en el modelo cl\u00e1sico<\/li><li>\u00a0Predicci\u00f3n<ul><li>Concepto y clases<\/li><li>Predicci\u00f3n \u00f3ptima en el modelo cl\u00e1sico<\/li><li>Medidas evaluadoras de la capacidad predictiva<\/li><li>La estabilidad param\u00e9trica<\/li><\/ul><\/li><li>\u00a0Multicolinealidad<ul><li>Concepto y clases<\/li><li>Causas y consecuencias<\/li><li>Procedimientos para detectarla<\/li><li>Posibles soluciones<\/li><li>Selecci\u00f3n de regresores<\/li><\/ul><\/li><\/ol><\/li><\/ol><\/li><\/ol><\/div>\n\t\t\t\t<\/div>\n\t\t\t\t\t\t\t<div class=\"elementor-toggle-item\">\n\t\t\t\t\t<div id=\"elementor-tab-title-2593\" class=\"elementor-tab-title\" data-tab=\"3\" role=\"button\" aria-controls=\"elementor-tab-content-2593\" aria-expanded=\"false\">\n\t\t\t\t\t\t\t\t\t\t\t\t<span class=\"elementor-toggle-icon elementor-toggle-icon-left\" aria-hidden=\"true\">\n\t\t\t\t\t\t\t\t\t\t\t\t\t\t\t<span class=\"elementor-toggle-icon-closed\"><i class=\"fas fa-caret-right\"><\/i><\/span>\n\t\t\t\t\t\t\t\t<span class=\"elementor-toggle-icon-opened\"><i class=\"elementor-toggle-icon-opened fas fa-caret-up\"><\/i><\/span>\n\t\t\t\t\t\t\t\t\t\t\t\t\t<\/span>\n\t\t\t\t\t\t\t\t\t\t\t\t<a class=\"elementor-toggle-title\" tabindex=\"0\">Econometr\u00eda<\/a>\n\t\t\t\t\t<\/div>\n\n\t\t\t\t\t<div id=\"elementor-tab-content-2593\" class=\"elementor-tab-content elementor-clearfix\" data-tab=\"3\" role=\"region\" aria-labelledby=\"elementor-tab-title-2593\"><ol><li style=\"list-style-type: none;\"><ol><li style=\"list-style-type: none;\"><ol><li>\u00a0El modelo de regresi\u00f3n lineal normal cl\u00e1sico (MRLNC)<ul><li>Revisi\u00f3n de las hip\u00f3tesis<\/li><li>Propiedades de los estimadores<\/li><li>Bondad del ajuste<\/li><\/ul><\/li><li>\u00a0Inferencia en el modelo cl\u00e1sico<\/li><li>\u00a0Predicci\u00f3n<ul><li>Concepto y clases<\/li><li>Predicci\u00f3n \u00f3ptima en el modelo cl\u00e1sico<\/li><li>Medidas evaluadoras de la capacidad predictiva<\/li><li>La estabilidad param\u00e9trica<\/li><\/ul><\/li><li>\u00a0Multicolinealidad<ul><li>Concepto y clases<\/li><li>Causas y consecuencias<\/li><li>Procedimientos para detectarla<\/li><li>Posibles soluciones<\/li><li>Selecci\u00f3n de regresores<\/li><\/ul><\/li><\/ol><\/li><\/ol><\/li><\/ol><\/div>\n\t\t\t\t<\/div>\n\t\t\t\t\t\t\t\t<\/div>\n\t\t\t\t<\/div>\n\t\t\t\t<\/div>\n\t\t\t\t\t<\/div>\n\t\t<\/div>\n\t\t\t\t\t\t\t<\/div>\n\t\t<\/section>\n\t\t\t\t<section class=\"elementor-section elementor-top-section elementor-element elementor-element-665759d elementor-section-boxed elementor-section-height-default elementor-section-height-default\" data-id=\"665759d\" data-element_type=\"section\">\n\t\t\t\t\t\t<div class=\"elementor-container elementor-column-gap-default\">\n\t\t\t\t\t<div class=\"elementor-column elementor-col-100 elementor-top-column elementor-element elementor-element-4470337\" data-id=\"4470337\" data-element_type=\"column\">\n\t\t\t<div class=\"elementor-widget-wrap elementor-element-populated\">\n\t\t\t\t\t\t\t\t<div class=\"elementor-element elementor-element-72f0f24 elementor-widget elementor-widget-heading\" data-id=\"72f0f24\" data-element_type=\"widget\" data-widget_type=\"heading.default\">\n\t\t\t\t<div class=\"elementor-widget-container\">\n\t\t\t<h3 class=\"elementor-heading-title elementor-size-default\">Bibliograf\u00eda<\/h3>\t\t<\/div>\n\t\t\t\t<\/div>\n\t\t\t\t<div class=\"elementor-element elementor-element-4343c18 elementor-widget elementor-widget-text-editor\" data-id=\"4343c18\" data-element_type=\"widget\" data-widget_type=\"text-editor.default\">\n\t\t\t\t<div class=\"elementor-widget-container\">\n\t\t\t\t\t\t\t<p>Entre los m\u00faltiples manuales de Econometr\u00eda que hay en el mercado, hemos recogido en el apartado <em>\u00abb\u00e1sica\u00bb,<\/em> aquellos que consideramos que se adaptan mejor a nuestros\/as estudiantes.\u00a0 Los dos primeros incorporan, adem\u00e1s de la parte te\u00f3rica, ejercicios pr\u00e1cticos y, el tercero, es un buen libro para aprender <em>EViews<\/em>.<\/p><p><span style=\"color: #3c3c3c;\">En la bibliograf\u00eda \u00ab<em>complementaria\u00bb<\/em> se referencian tres textos con enfoques diferentes. El primero, es un ejemplo del enfoque cl\u00e1sico y, los otros dos, del actual. La novedad que aportan <em>Wooldridge<\/em> y <em>Stock\u2014Watson<\/em> es que, en su planteamiento, <span style=\"font-family: var( --e-global-typography-text-font-family ), Sans-serif; font-weight: var( --e-global-typography-text-font-weight ); font-size: 1rem;\">las cuestiones te\u00f3ricas se van desgranando a medida que las aplicaciones emp\u00edricas lo requieren, integrando cuestiones del mundo real y datos en los desarrollos te\u00f3ricos.<\/span><\/span><\/p>\t\t\t\t\t\t<\/div>\n\t\t\t\t<\/div>\n\t\t\t\t<div class=\"elementor-element elementor-element-7c03a2b elementor-widget elementor-widget-toggle\" data-id=\"7c03a2b\" data-element_type=\"widget\" data-widget_type=\"toggle.default\">\n\t\t\t\t<div class=\"elementor-widget-container\">\n\t\t\t\t\t<div class=\"elementor-toggle\">\n\t\t\t\t\t\t\t<div class=\"elementor-toggle-item\">\n\t\t\t\t\t<h3 id=\"elementor-tab-title-1301\" class=\"elementor-tab-title\" data-tab=\"1\" role=\"button\" aria-controls=\"elementor-tab-content-1301\" aria-expanded=\"false\">\n\t\t\t\t\t\t\t\t\t\t\t\t<span class=\"elementor-toggle-icon elementor-toggle-icon-left\" aria-hidden=\"true\">\n\t\t\t\t\t\t\t\t\t\t\t\t\t\t\t<span class=\"elementor-toggle-icon-closed\"><i class=\"fas fa-caret-right\"><\/i><\/span>\n\t\t\t\t\t\t\t\t<span class=\"elementor-toggle-icon-opened\"><i class=\"elementor-toggle-icon-opened fas fa-caret-up\"><\/i><\/span>\n\t\t\t\t\t\t\t\t\t\t\t\t\t<\/span>\n\t\t\t\t\t\t\t\t\t\t\t\t<a class=\"elementor-toggle-title\" tabindex=\"0\">B\u00e1sica<\/a>\n\t\t\t\t\t<\/h3>\n\n\t\t\t\t\t<div id=\"elementor-tab-content-1301\" class=\"elementor-tab-content elementor-clearfix\" data-tab=\"1\" role=\"region\" aria-labelledby=\"elementor-tab-title-1301\"><ul><li style=\"list-style-type: none;\"><ul><li style=\"list-style-type: none;\"><ul><li>Ramil, M.; Rey, C.; Lodeiro, M. y Arranz, M. (2013) <em>Introducci\u00f3n a la Econometr\u00eda. Teor\u00eda y pr\u00e1ctica<\/em>. Reprograf\u00eda Noroeste, S.L.<\/li><li>Guis\u00e1n, M.C. (1997). <em>Econometr\u00eda<\/em>. McGraw-Hill<\/li><li>Carrascal, U; Gonz\u00e1lez, Y y Rodr\u00edguez, B. (2001). <em>An\u00e1lisis Econom\u00e9trico con EViews<\/em>. RA-MA<\/li><\/ul><\/li><\/ul><\/li><\/ul><\/div>\n\t\t\t\t<\/div>\n\t\t\t\t\t\t\t<div class=\"elementor-toggle-item\">\n\t\t\t\t\t<h3 id=\"elementor-tab-title-1302\" class=\"elementor-tab-title\" data-tab=\"2\" role=\"button\" aria-controls=\"elementor-tab-content-1302\" aria-expanded=\"false\">\n\t\t\t\t\t\t\t\t\t\t\t\t<span class=\"elementor-toggle-icon elementor-toggle-icon-left\" aria-hidden=\"true\">\n\t\t\t\t\t\t\t\t\t\t\t\t\t\t\t<span class=\"elementor-toggle-icon-closed\"><i class=\"fas fa-caret-right\"><\/i><\/span>\n\t\t\t\t\t\t\t\t<span class=\"elementor-toggle-icon-opened\"><i class=\"elementor-toggle-icon-opened fas fa-caret-up\"><\/i><\/span>\n\t\t\t\t\t\t\t\t\t\t\t\t\t<\/span>\n\t\t\t\t\t\t\t\t\t\t\t\t<a class=\"elementor-toggle-title\" tabindex=\"0\">Complementaria<\/a>\n\t\t\t\t\t<\/h3>\n\n\t\t\t\t\t<div id=\"elementor-tab-content-1302\" class=\"elementor-tab-content elementor-clearfix\" data-tab=\"2\" role=\"region\" aria-labelledby=\"elementor-tab-title-1302\"><ul><li style=\"list-style-type: none;\"><ul><li style=\"list-style-type: none;\"><ul><li>Gujarati, D. (1997). <em>Econometr\u00eda<\/em>. McGraw &#8211; Hill.<\/li><li>Wooldridge, J. (2012). <em>Introducci\u00f3n a la Econometr\u00eda. Un enfoque moderno<\/em>. Thomson.<\/li><li>Stock, J.H. y Watson, M.M. (2012).<em> Introducci\u00f3n a la Econometr\u00eda (3\u00aa edici\u00f3n)<\/em>. Pearson<\/li><\/ul><\/li><\/ul><\/li><\/ul><\/div>\n\t\t\t\t<\/div>\n\t\t\t\t\t\t\t\t<\/div>\n\t\t\t\t<\/div>\n\t\t\t\t<\/div>\n\t\t\t\t\t<\/div>\n\t\t<\/div>\n\t\t\t\t\t\t\t<\/div>\n\t\t<\/section>\n\t\t\t\t<section class=\"elementor-section elementor-top-section elementor-element elementor-element-bc4370a elementor-section-boxed elementor-section-height-default elementor-section-height-default\" data-id=\"bc4370a\" data-element_type=\"section\">\n\t\t\t\t\t\t<div class=\"elementor-container elementor-column-gap-default\">\n\t\t\t\t\t<div class=\"elementor-column elementor-col-100 elementor-top-column elementor-element elementor-element-dcd23c0\" data-id=\"dcd23c0\" data-element_type=\"column\">\n\t\t\t<div class=\"elementor-widget-wrap elementor-element-populated\">\n\t\t\t\t\t\t\t\t<div class=\"elementor-element elementor-element-b7f605b elementor-widget elementor-widget-heading\" data-id=\"b7f605b\" data-element_type=\"widget\" data-widget_type=\"heading.default\">\n\t\t\t\t<div class=\"elementor-widget-container\">\n\t\t\t<h3 class=\"elementor-heading-title elementor-size-default\">Evaluaci\u00f3n<\/h3>\t\t<\/div>\n\t\t\t\t<\/div>\n\t\t\t\t<div class=\"elementor-element elementor-element-c73dfd4 elementor-widget elementor-widget-text-editor\" data-id=\"c73dfd4\" data-element_type=\"widget\" data-widget_type=\"text-editor.default\">\n\t\t\t\t<div class=\"elementor-widget-container\">\n\t\t\t\t\t\t\t<p>En el curso 2025\u20142026:<\/p><ul><li style=\"list-style-type: none;\"><ul><li><span style=\"font-size: 1rem;\">Evaluaci\u00f3n continua: 60% y prueba objetiva: 40%<\/span><\/li><li>Ninguna prueba de evaluaci\u00f3n podr\u00e1 sustituirse por ejercicios o trabajos.<\/li><li>La calificaci\u00f3n de no presentado corresponde s\u00f3lo a los\/as alumnos\/as que participen en actividades de evaluaci\u00f3n con una ponderaci\u00f3n inferior al 20% del total.<\/li><\/ul><\/li><\/ul><p>El sistema de evaluaci\u00f3n establecido se aplica a todos los\/as estudiantes con independencia de su situaci\u00f3n acad\u00e9mica. Los\/as que tengan reconocimiento de dedicaci\u00f3n parcial est\u00e1n exentos\/as de asistencia, excepto en las fechas de realizaci\u00f3n de las pruebas.<\/p><p>Como es preceptivo, las pruebas se rigen por las <span style=\"color: #6ec1e4;\"><a style=\"color: #6ec1e4;\" href=\"https:\/\/sede.udc.gal\/services\/electronic_board\/EXP2023\/008242\/document?logicalId=a00a565a-27e5-4dbc-848e-992c538a502c&amp;documentCsv=JTMGAAKJ7AEQ8MQPHE6I220A\"><em>Normas de evaluaci\u00f3n, revisi\u00f3n y reclamaci\u00f3n de las calificaciones de los estudios de grado y master universitario<\/em><\/a>\u00a0<span style=\"color: #000000;\"> y las sanciones derivadas de las faltas disciplinares del alumnado por el <span style=\"color: #99ccff;\">&#8216;<span style=\"color: #6ec1e4;\"><a style=\"color: #6ec1e4;\" href=\"https:\/\/sede.udc.gal\/services\/electronic_board\/EXP2023\/002067\/document?logicalId=d9aad75e-3125-4b95-a65b-cf90c5d2702a&amp;documentCsv=841SMNFA1E7VEHC802N69E7U\"><em>Reglamento disciplinar del estudiantado de la Universidad de A Coru\u00f1a<\/em><\/a>&#8216;<\/span><\/span><\/span><\/span><\/p>\t\t\t\t\t\t<\/div>\n\t\t\t\t<\/div>\n\t\t\t\t\t<\/div>\n\t\t<\/div>\n\t\t\t\t\t\t\t<\/div>\n\t\t<\/section>\n\t\t\t\t\t\t\t<\/div>\n\t\t","protected":false},"excerpt":{"rendered":"<p>Introducci\u00f3n a la Econometr\u00eda, Econometr\u00eda I y Econometr\u00eda Grados en Ciencias Empresariales, en Econom\u00eda y en Administraci\u00f3n y Direcci\u00f3n de Empresas. El objetivo de estas asignaturas es conocer las herramientas necesarias para realizar un an\u00e1lisis econom\u00e9trico b\u00e1sico.\u00a0 En el grado en Econom\u00eda, la asignatura se divide en tres partes. La primera, Introducci\u00f3n a la Econometr\u00eda, &hellip; <\/p>\n<p class=\"link-more\"><a href=\"https:\/\/fee.carlarey.es\/index.php\/cuestiones-academicas\/\" class=\"more-link\">Continuar leyendo<span class=\"screen-reader-text\"> \u00abCuestiones acad\u00e9micas\u00bb<\/span><\/a><\/p>\n","protected":false},"author":1,"featured_media":0,"parent":0,"menu_order":0,"comment_status":"closed","ping_status":"closed","template":"elementor_header_footer","meta":[],"_links":{"self":[{"href":"https:\/\/fee.carlarey.es\/index.php\/wp-json\/wp\/v2\/pages\/47"}],"collection":[{"href":"https:\/\/fee.carlarey.es\/index.php\/wp-json\/wp\/v2\/pages"}],"about":[{"href":"https:\/\/fee.carlarey.es\/index.php\/wp-json\/wp\/v2\/types\/page"}],"author":[{"embeddable":true,"href":"https:\/\/fee.carlarey.es\/index.php\/wp-json\/wp\/v2\/users\/1"}],"replies":[{"embeddable":true,"href":"https:\/\/fee.carlarey.es\/index.php\/wp-json\/wp\/v2\/comments?post=47"}],"version-history":[{"count":600,"href":"https:\/\/fee.carlarey.es\/index.php\/wp-json\/wp\/v2\/pages\/47\/revisions"}],"predecessor-version":[{"id":28094,"href":"https:\/\/fee.carlarey.es\/index.php\/wp-json\/wp\/v2\/pages\/47\/revisions\/28094"}],"wp:attachment":[{"href":"https:\/\/fee.carlarey.es\/index.php\/wp-json\/wp\/v2\/media?parent=47"}],"curies":[{"name":"wp","href":"https:\/\/api.w.org\/{rel}","templated":true}]}}