{"id":5,"date":"2021-02-12T12:55:20","date_gmt":"2021-02-12T11:55:20","guid":{"rendered":"http:\/\/fee.carlarey.es\/?page_id=5"},"modified":"2021-08-02T07:10:29","modified_gmt":"2021-08-02T06:10:29","slug":"inicio","status":"publish","type":"page","link":"https:\/\/fee.carlarey.es\/","title":{"rendered":"Inicio"},"content":{"rendered":"\t\t<div data-elementor-type=\"wp-page\" data-elementor-id=\"5\" class=\"elementor elementor-5\">\n\t\t\t\t\t\t\t\t\t<section class=\"elementor-section elementor-top-section elementor-element elementor-element-dbf3210 elementor-section-boxed elementor-section-height-default elementor-section-height-default\" data-id=\"dbf3210\" data-element_type=\"section\">\n\t\t\t\t\t\t<div class=\"elementor-container elementor-column-gap-default\">\n\t\t\t\t\t<div class=\"elementor-column elementor-col-100 elementor-top-column elementor-element elementor-element-5506822\" data-id=\"5506822\" data-element_type=\"column\">\n\t\t\t<div class=\"elementor-widget-wrap elementor-element-populated\">\n\t\t\t\t\t\t\t\t<div class=\"elementor-element elementor-element-704311f elementor-drop-cap-yes elementor-drop-cap-view-default elementor-widget elementor-widget-text-editor\" data-id=\"704311f\" data-element_type=\"widget\" data-settings=\"{&quot;drop_cap&quot;:&quot;yes&quot;}\" data-widget_type=\"text-editor.default\">\n\t\t\t\t<div class=\"elementor-widget-container\">\n\t\t\t\t\t\t\t<p style=\"text-align: center;\"><img loading=\"lazy\" class=\"size-medium wp-image-10878 aligncenter\" src=\"https:\/\/fee.carlarey.es\/wp-content\/uploads\/2021\/03\/Pagina-Web-Portfolio-Maquilladora_Estilista-Crema-y-Rosa-1-1-300x86.png\" alt=\"\" width=\"300\" height=\"86\" srcset=\"https:\/\/fee.carlarey.es\/wp-content\/uploads\/2021\/03\/Pagina-Web-Portfolio-Maquilladora_Estilista-Crema-y-Rosa-1-1-300x86.png 300w, https:\/\/fee.carlarey.es\/wp-content\/uploads\/2021\/03\/Pagina-Web-Portfolio-Maquilladora_Estilista-Crema-y-Rosa-1-1-1024x294.png 1024w, https:\/\/fee.carlarey.es\/wp-content\/uploads\/2021\/03\/Pagina-Web-Portfolio-Maquilladora_Estilista-Crema-y-Rosa-1-1-768x221.png 768w, https:\/\/fee.carlarey.es\/wp-content\/uploads\/2021\/03\/Pagina-Web-Portfolio-Maquilladora_Estilista-Crema-y-Rosa-1-1.png 1078w\" sizes=\"(max-width: 300px) 100vw, 300px\" \/><span style=\"color: #6ec1e4;\"><span style=\"color: #000000;\">Bienvenidos\/as a<\/span> <i><b>Econometr\u00eda para entender<\/b><\/i><\/span><\/p>\t\t\t\t\t\t<\/div>\n\t\t\t\t<\/div>\n\t\t\t\t<div class=\"elementor-element elementor-element-fcc70bd elementor-widget elementor-widget-heading\" data-id=\"fcc70bd\" data-element_type=\"widget\" data-widget_type=\"heading.default\">\n\t\t\t\t<div class=\"elementor-widget-container\">\n\t\t\t<h2 class=\"elementor-heading-title elementor-size-default\">Sobre el blog<\/h2>\t\t<\/div>\n\t\t\t\t<\/div>\n\t\t\t\t<div class=\"elementor-element elementor-element-1f3235e elementor-widget elementor-widget-text-editor\" data-id=\"1f3235e\" data-element_type=\"widget\" data-widget_type=\"text-editor.default\">\n\t\t\t\t<div class=\"elementor-widget-container\">\n\t\t\t\t\t\t\t<p>La finalidad que perseguimos con este blog, como herramienta complementaria a Moodle, no es otra que la de que sirva a nuestros\/as alumnos\/as como medio para que dispongan con facilidad y agilidad del material necesario para la preparaci\u00f3n de las materias de cuya docencia estamos encargadas en la Facultad de Econom\u00eda y Empresa.<\/p><p><span style=\"color: #3c3c3c;\"><span style=\"font-family: var( --e-global-typography-text-font-family ), Sans-serif; font-weight: var( --e-global-typography-text-font-weight ); font-size: 1rem;\">La elecci\u00f3n de este medio viene derivada de la\u00a0<\/span><span style=\"font-family: var( --e-global-typography-text-font-family ), Sans-serif; font-weight: var( --e-global-typography-text-font-weight ); font-size: 1rem;\">comodidad<\/span><span style=\"font-family: var( --e-global-typography-text-font-family ), Sans-serif; font-weight: var( --e-global-typography-text-font-weight ); font-size: 1rem;\">\u00a0en su uso por parte de los\/as destinatarios\/as del mismo, ya que no necesitan autenticarse. Tambi\u00e9n de la\u00a0<\/span><span style=\"font-family: var( --e-global-typography-text-font-family ), Sans-serif; font-weight: var( --e-global-typography-text-font-weight ); font-size: 1rem;\">facilidad\u00a0<\/span><span style=\"font-family: var( --e-global-typography-text-font-family ), Sans-serif; font-weight: var( --e-global-typography-text-font-weight ); font-size: 1rem;\">para su mantenimiento y puesta al d\u00eda.<br \/>El hecho de que se trate de una <em>web<\/em> abierta permite el acceso a la misma a las personas que no tienen las oportunas credenciales de la plataforma oficial, como pueden ser alumnos\/as que est\u00e1n en proceso de matriculaci\u00f3n o que son de Erasmus o de Intercambio.<\/span><\/span><\/p>\t\t\t\t\t\t<\/div>\n\t\t\t\t<\/div>\n\t\t\t\t\t<\/div>\n\t\t<\/div>\n\t\t\t\t\t\t\t<\/div>\n\t\t<\/section>\n\t\t\t\t<section class=\"elementor-section elementor-top-section elementor-element elementor-element-8c4fd92 elementor-section-boxed elementor-section-height-default elementor-section-height-default\" data-id=\"8c4fd92\" data-element_type=\"section\">\n\t\t\t\t\t\t<div class=\"elementor-container elementor-column-gap-default\">\n\t\t\t\t\t<div class=\"elementor-column elementor-col-100 elementor-top-column elementor-element elementor-element-c15f621\" data-id=\"c15f621\" data-element_type=\"column\">\n\t\t\t<div class=\"elementor-widget-wrap elementor-element-populated\">\n\t\t\t\t\t\t\t\t<div class=\"elementor-element elementor-element-8a3868b elementor-widget elementor-widget-heading\" data-id=\"8a3868b\" data-element_type=\"widget\" data-widget_type=\"heading.default\">\n\t\t\t\t<div class=\"elementor-widget-container\">\n\t\t\t<h2 class=\"elementor-heading-title elementor-size-default\">Sobre su contenido<\/h2>\t\t<\/div>\n\t\t\t\t<\/div>\n\t\t\t\t<div class=\"elementor-element elementor-element-76ef0be elementor-widget elementor-widget-text-editor\" data-id=\"76ef0be\" data-element_type=\"widget\" data-widget_type=\"text-editor.default\">\n\t\t\t\t<div class=\"elementor-widget-container\">\n\t\t\t\t\t\t\t<ol><li style=\"list-style-type: none;\"><ol><li><strong>GADU: <\/strong>cuestiones\u00a0acad\u00e9micas p\u00fablicas: programas de las asignaturas, bibliograf\u00eda b\u00e1sica y normas de evaluaci\u00f3n.<br \/>No se publicar\u00e1n datos confidenciales; en particular, listas de calificaciones, que se har\u00e1n p\u00fablicas en la plataforma oficial de la Universidad de A Coru\u00f1a, esto es, en Moodle.<\/li><li><strong>Contenidos: <\/strong>material con tutoriales propios.<\/li><li><strong>Diapositivas<\/strong> en formato <em>pdf<\/em>.<\/li><li><strong>Ejercicios<\/strong> resueltos.<\/li><li><strong>Ex\u00e1menes<\/strong> de cursos anteriores.<\/li><li><strong style=\"font-size: 1rem;\">FAQ:<\/strong><span style=\"font-size: 1rem;\"> preguntas y dudas habituales planteadas por los\/as alumnos\/as.<\/span><\/li><li><strong>Enlaces<\/strong> a ejercicios, tutoriales, p\u00e1ginas <em>web<\/em>\u00a0de otros\/as autores\/as,\u00a0etc\u00e9tera de inter\u00e9s para la preparaci\u00f3n de la materia.<\/li><li><strong><em>Software:<\/em><\/strong>\u00a0<em>EViews<\/em>\u00a0y\u00a0<em>Gretl<\/em>. Comentarios y enlaces a estos dos programas especializados en Estad\u00edstica y Econometr\u00eda.<\/li><\/ol><\/li><\/ol>\t\t\t\t\t\t<\/div>\n\t\t\t\t<\/div>\n\t\t\t\t\t<\/div>\n\t\t<\/div>\n\t\t\t\t\t\t\t<\/div>\n\t\t<\/section>\n\t\t\t\t<section class=\"elementor-section elementor-top-section elementor-element elementor-element-cc81292 elementor-section-boxed elementor-section-height-default elementor-section-height-default\" data-id=\"cc81292\" data-element_type=\"section\">\n\t\t\t\t\t\t<div class=\"elementor-container elementor-column-gap-default\">\n\t\t\t\t\t<div class=\"elementor-column elementor-col-100 elementor-top-column elementor-element elementor-element-6af32f3\" data-id=\"6af32f3\" data-element_type=\"column\">\n\t\t\t<div class=\"elementor-widget-wrap elementor-element-populated\">\n\t\t\t\t\t\t\t\t<div class=\"elementor-element elementor-element-fcf6cb0 elementor-widget elementor-widget-heading\" data-id=\"fcf6cb0\" data-element_type=\"widget\" data-widget_type=\"heading.default\">\n\t\t\t\t<div class=\"elementor-widget-container\">\n\t\t\t<h2 class=\"elementor-heading-title elementor-size-default\">Agradecimientos<\/h2>\t\t<\/div>\n\t\t\t\t<\/div>\n\t\t\t\t<div class=\"elementor-element elementor-element-ab69ce1 elementor-widget elementor-widget-text-editor\" data-id=\"ab69ce1\" data-element_type=\"widget\" data-widget_type=\"text-editor.default\">\n\t\t\t\t<div class=\"elementor-widget-container\">\n\t\t\t\t\t\t\t<p>A los\/as alumnos\/as por hacernos llegar sus experiencias y opiniones acerca de la utilidad del blog en orden a la preparaci\u00f3n de la materia.<\/p><p>A los visitantes que \u2014con la finalidad de mejorar contenidos, corregir errores detectados, etc.\u2014 quieran hacernos llegar sus sugerencias y comentarios. Pueden ponerse en contacto con nosotras a trav\u00e9s del formulario incluido m\u00e1s abajo en esta misma p\u00e1gina.<\/p><p>Al Profesor D. Fernando Aguiar Maragoto por su apoyo personal y t\u00e9cnico.<\/p>\t\t\t\t\t\t<\/div>\n\t\t\t\t<\/div>\n\t\t\t\t\t<\/div>\n\t\t<\/div>\n\t\t\t\t\t\t\t<\/div>\n\t\t<\/section>\n\t\t\t\t<section class=\"elementor-section elementor-top-section elementor-element elementor-element-2d741a1 elementor-section-boxed elementor-section-height-default elementor-section-height-default\" data-id=\"2d741a1\" data-element_type=\"section\">\n\t\t\t\t\t\t<div class=\"elementor-container elementor-column-gap-default\">\n\t\t\t\t\t<div class=\"elementor-column elementor-col-100 elementor-top-column elementor-element elementor-element-520fcf6\" data-id=\"520fcf6\" data-element_type=\"column\">\n\t\t\t<div class=\"elementor-widget-wrap elementor-element-populated\">\n\t\t\t\t\t\t\t\t<div class=\"elementor-element elementor-element-f2625b1 elementor-widget elementor-widget-text-editor\" data-id=\"f2625b1\" data-element_type=\"widget\" data-widget_type=\"text-editor.default\">\n\t\t\t\t<div class=\"elementor-widget-container\">\n\t\t\t\t\t\t\t<p><span style=\"color: #3c3c3c;\">Las autoras,<\/span><br \/><span style=\"color: #3c3c3c; font-family: var( --e-global-typography-text-font-family ), Sans-serif; font-weight: var( --e-global-typography-text-font-weight ); font-size: 1rem;\">Carla Rey Gra\u00f1a y Mar\u00eda Lodeiro Hermida<\/span><\/p><p><span style=\"color: #3c3c3c; font-family: var( --e-global-typography-text-font-family ), Sans-serif; font-weight: var( --e-global-typography-text-font-weight ); font-size: 1rem;\">A Coru\u00f1a, marzo de 2021<\/span><\/p>\t\t\t\t\t\t<\/div>\n\t\t\t\t<\/div>\n\t\t\t\t\t<\/div>\n\t\t<\/div>\n\t\t\t\t\t\t\t<\/div>\n\t\t<\/section>\n\t\t\t\t<section class=\"elementor-section elementor-top-section elementor-element elementor-element-18ce386 elementor-section-boxed elementor-section-height-default elementor-section-height-default\" data-id=\"18ce386\" data-element_type=\"section\">\n\t\t\t\t\t\t<div class=\"elementor-container elementor-column-gap-default\">\n\t\t\t\t\t<div class=\"elementor-column elementor-col-50 elementor-top-column elementor-element elementor-element-88b5d9e\" data-id=\"88b5d9e\" data-element_type=\"column\">\n\t\t\t<div class=\"elementor-widget-wrap elementor-element-populated\">\n\t\t\t\t\t\t\t\t<div class=\"elementor-element elementor-element-4701b1f elementor-widget elementor-widget-heading\" data-id=\"4701b1f\" data-element_type=\"widget\" data-widget_type=\"heading.default\">\n\t\t\t\t<div class=\"elementor-widget-container\">\n\t\t\t<h2 class=\"elementor-heading-title elementor-size-default\">Sobre nosotras<\/h2>\t\t<\/div>\n\t\t\t\t<\/div>\n\t\t\t\t<div class=\"elementor-element elementor-element-ffb68c2 elementor-widget elementor-widget-text-editor\" data-id=\"ffb68c2\" data-element_type=\"widget\" data-widget_type=\"text-editor.default\">\n\t\t\t\t<div class=\"elementor-widget-container\">\n\t\t\t\t\t\t\t<p>Carla Rey Gra\u00f1a (carlota.rey@udc.es)<br \/>Mar\u00eda Lodeiro Hermida (mar\u00eda.lodeiro@udc.es)<\/p><p>Profesoras Titulares del Departamento de Econom\u00eda<br \/><span style=\"color: #3c3c3c; font-family: var( --e-global-typography-text-font-family ), Sans-serif; font-weight: var( --e-global-typography-text-font-weight ); font-size: 1rem;\">Universidad de A Coru\u00f1a<\/span><\/p><p>Facultad de Econom\u00eda y Empresa<br \/>Campus de Elvi\u00f1a<br \/>15071 &#8211; A Coru\u00f1a &#8211; Espa\u00f1a<\/p><p>Despachos 327 y 326. Tercera planta<\/p>\t\t\t\t\t\t<\/div>\n\t\t\t\t<\/div>\n\t\t\t\t\t<\/div>\n\t\t<\/div>\n\t\t\t\t<div class=\"elementor-column elementor-col-50 elementor-top-column elementor-element elementor-element-6d0623f\" data-id=\"6d0623f\" data-element_type=\"column\">\n\t\t\t<div class=\"elementor-widget-wrap elementor-element-populated\">\n\t\t\t\t\t\t\t\t<div class=\"elementor-element elementor-element-e88b05d elementor-widget elementor-widget-heading\" data-id=\"e88b05d\" data-element_type=\"widget\" data-widget_type=\"heading.default\">\n\t\t\t\t<div class=\"elementor-widget-container\">\n\t\t\t<h2 class=\"elementor-heading-title elementor-size-default\">Contacto<\/h2>\t\t<\/div>\n\t\t\t\t<\/div>\n\t\t\t\t<div class=\"elementor-element elementor-element-f80ab24 eael-wpforms-labels-yes eael-wpforms-form-button-custom elementor-widget elementor-widget-eael-wpforms\" data-id=\"f80ab24\" data-element_type=\"widget\" data-widget_type=\"eael-wpforms.default\">\n\t\t\t\t<div class=\"elementor-widget-container\">\n\t\t\t            <div class=\"eael-contact-form eael-wpforms title-description-hide eael-wpforms-align-default\">\n                                    <div class=\"eael-wpforms-heading\">\n                                                                    <\/div>\n                                <div class=\"wpforms-container wpforms-container-full\" id=\"wpforms-42\"><form id=\"wpforms-form-42\" class=\"wpforms-validate wpforms-form\" data-formid=\"42\" method=\"post\" enctype=\"multipart\/form-data\" action=\"\/index.php\/wp-json\/wp\/v2\/pages\/5\" data-token=\"48865263b71cf423a1ec05fc51e734cc\" data-token-time=\"1777036391\"><noscript class=\"wpforms-error-noscript\">Por favor, activa JavaScript en tu navegador para completar este formulario.<\/noscript><div class=\"wpforms-field-container\"><div id=\"wpforms-42-field_0-container\" class=\"wpforms-field wpforms-field-name\" data-field-id=\"0\"><label class=\"wpforms-field-label\" for=\"wpforms-42-field_0\">Nombre  y apellidos <span class=\"wpforms-required-label\">*<\/span><\/label><input type=\"text\" id=\"wpforms-42-field_0\" class=\"wpforms-field-medium wpforms-field-required\" name=\"wpforms[fields][0]\" required><\/div><div id=\"wpforms-42-field_1-container\" class=\"wpforms-field wpforms-field-email\" data-field-id=\"1\"><label class=\"wpforms-field-label\" for=\"wpforms-42-field_1\">Correo electr\u00f3nico <span class=\"wpforms-required-label\">*<\/span><\/label><input type=\"email\" id=\"wpforms-42-field_1\" class=\"wpforms-field-medium wpforms-field-required\" name=\"wpforms[fields][1]\" spellcheck=\"false\" required><\/div><div id=\"wpforms-42-field_2-container\" class=\"wpforms-field wpforms-field-textarea\" data-field-id=\"2\"><label class=\"wpforms-field-label\" for=\"wpforms-42-field_2\">Comentario o mensaje <span class=\"wpforms-required-label\">*<\/span><\/label><textarea id=\"wpforms-42-field_2\" class=\"wpforms-field-small wpforms-field-required\" name=\"wpforms[fields][2]\" required><\/textarea><\/div><\/div><!-- .wpforms-field-container --><div class=\"wpforms-submit-container\" ><input type=\"hidden\" name=\"wpforms[id]\" value=\"42\"><input type=\"hidden\" name=\"page_title\" value=\"\"><input type=\"hidden\" name=\"page_url\" value=\"https:\/\/fee.carlarey.es\/index.php\/wp-json\/wp\/v2\/pages\/5\"><input type=\"hidden\" name=\"url_referer\" value=\"\"><button type=\"submit\" name=\"wpforms[submit]\" id=\"wpforms-submit-42\" class=\"wpforms-submit\" data-alt-text=\"Enviando...\" data-submit-text=\"Enviar\" aria-live=\"assertive\" value=\"wpforms-submit\">Enviar<\/button><\/div><\/form><\/div>  <!-- .wpforms-container -->            <\/div>\n\t\t<\/div>\n\t\t\t\t<\/div>\n\t\t\t\t<div class=\"elementor-element elementor-element-33fe65a elementor-widget elementor-widget-text-editor\" data-id=\"33fe65a\" data-element_type=\"widget\" data-widget_type=\"text-editor.default\">\n\t\t\t\t<div class=\"elementor-widget-container\">\n\t\t\t\t\t\t\t\t\t\t\t\t\t<\/div>\n\t\t\t\t<\/div>\n\t\t\t\t\t<\/div>\n\t\t<\/div>\n\t\t\t\t\t\t\t<\/div>\n\t\t<\/section>\n\t\t\t\t\t\t\t<\/div>\n\t\t","protected":false},"excerpt":{"rendered":"<p>Bienvenidos\/as a Econometr\u00eda para entender Sobre el blog La finalidad que perseguimos con este blog, como herramienta complementaria a Moodle, no es otra que la de que sirva a nuestros\/as alumnos\/as como medio para que dispongan con facilidad y agilidad del material necesario para la preparaci\u00f3n de las materias de cuya docencia estamos encargadas en &hellip; <\/p>\n<p class=\"link-more\"><a href=\"https:\/\/fee.carlarey.es\/\" class=\"more-link\">Continuar leyendo<span class=\"screen-reader-text\"> \u00abInicio\u00bb<\/span><\/a><\/p>\n","protected":false},"author":1,"featured_media":0,"parent":0,"menu_order":0,"comment_status":"closed","ping_status":"closed","template":"elementor_header_footer","meta":[],"_links":{"self":[{"href":"https:\/\/fee.carlarey.es\/index.php\/wp-json\/wp\/v2\/pages\/5"}],"collection":[{"href":"https:\/\/fee.carlarey.es\/index.php\/wp-json\/wp\/v2\/pages"}],"about":[{"href":"https:\/\/fee.carlarey.es\/index.php\/wp-json\/wp\/v2\/types\/page"}],"author":[{"embeddable":true,"href":"https:\/\/fee.carlarey.es\/index.php\/wp-json\/wp\/v2\/users\/1"}],"replies":[{"embeddable":true,"href":"https:\/\/fee.carlarey.es\/index.php\/wp-json\/wp\/v2\/comments?post=5"}],"version-history":[{"count":598,"href":"https:\/\/fee.carlarey.es\/index.php\/wp-json\/wp\/v2\/pages\/5\/revisions"}],"predecessor-version":[{"id":23610,"href":"https:\/\/fee.carlarey.es\/index.php\/wp-json\/wp\/v2\/pages\/5\/revisions\/23610"}],"wp:attachment":[{"href":"https:\/\/fee.carlarey.es\/index.php\/wp-json\/wp\/v2\/media?parent=5"}],"curies":[{"name":"wp","href":"https:\/\/api.w.org\/{rel}","templated":true}]}}