{"id":8424,"date":"2021-03-13T12:37:06","date_gmt":"2021-03-13T11:37:06","guid":{"rendered":"http:\/\/fee.carlarey.es\/?page_id=8424"},"modified":"2021-10-04T09:21:48","modified_gmt":"2021-10-04T08:21:48","slug":"enlaces-de-interes","status":"publish","type":"page","link":"https:\/\/fee.carlarey.es\/index.php\/enlaces-de-interes\/","title":{"rendered":"Enlaces de inter\u00e9s"},"content":{"rendered":"\t\t<div data-elementor-type=\"wp-page\" data-elementor-id=\"8424\" class=\"elementor elementor-8424\">\n\t\t\t\t\t\t\t\t\t<section class=\"elementor-section elementor-top-section elementor-element elementor-element-665b1cf elementor-section-boxed elementor-section-height-default elementor-section-height-default\" data-id=\"665b1cf\" data-element_type=\"section\">\n\t\t\t\t\t\t<div class=\"elementor-container elementor-column-gap-default\">\n\t\t\t\t\t<div class=\"elementor-column elementor-col-100 elementor-top-column elementor-element elementor-element-b58015d\" data-id=\"b58015d\" data-element_type=\"column\">\n\t\t\t<div class=\"elementor-widget-wrap elementor-element-populated\">\n\t\t\t\t\t\t\t\t<div class=\"elementor-element elementor-element-c825d83 elementor-widget elementor-widget-heading\" data-id=\"c825d83\" data-element_type=\"widget\" data-widget_type=\"heading.default\">\n\t\t\t\t<div class=\"elementor-widget-container\">\n\t\t\t<h2 class=\"elementor-heading-title elementor-size-default\">Enlaces a sitios web <\/h2>\t\t<\/div>\n\t\t\t\t<\/div>\n\t\t\t\t\t<\/div>\n\t\t<\/div>\n\t\t\t\t\t\t\t<\/div>\n\t\t<\/section>\n\t\t\t\t<section class=\"elementor-section elementor-top-section elementor-element elementor-element-10e6970 elementor-section-boxed elementor-section-height-default elementor-section-height-default\" data-id=\"10e6970\" data-element_type=\"section\">\n\t\t\t\t\t\t<div class=\"elementor-container elementor-column-gap-default\">\n\t\t\t\t\t<div class=\"elementor-column elementor-col-100 elementor-top-column elementor-element elementor-element-ec484c3\" data-id=\"ec484c3\" data-element_type=\"column\">\n\t\t\t<div class=\"elementor-widget-wrap elementor-element-populated\">\n\t\t\t\t\t\t\t\t<div class=\"elementor-element elementor-element-b09eecc elementor-widget elementor-widget-heading\" data-id=\"b09eecc\" data-element_type=\"widget\" data-widget_type=\"heading.default\">\n\t\t\t\t<div class=\"elementor-widget-container\">\n\t\t\t<h2 class=\"elementor-heading-title elementor-size-default\">Art\u00edculos de investigaci\u00f3n y\/o divulgaci\u00f3n<\/h2>\t\t<\/div>\n\t\t\t\t<\/div>\n\t\t\t\t<div class=\"elementor-element elementor-element-9bda48c elementor-widget elementor-widget-text-editor\" data-id=\"9bda48c\" data-element_type=\"widget\" data-widget_type=\"text-editor.default\">\n\t\t\t\t<div class=\"elementor-widget-container\">\n\t\t\t\t\t\t\t<ul><li style=\"list-style-type: none;\"><ul><li><span style=\"color: #00ccff;\"><a style=\"color: #00ccff;\" href=\"https:\/\/www.usc.gal\/economet\/\" target=\"_blank\" rel=\"noopener\"><span style=\"color: #6ec1e4;\">Equipo de econometr\u00eda de la USC<\/span> <\/a><span style=\"color: #3c3c3c;\"> (coordinado por la Catedr\u00e1tica de Econometr\u00eda Profesora D\u00f1a. M. Carmen Guis\u00e1n Seijas) con enlaces a art\u00edculos de investigaci\u00f3n enfocados a resolver problemas reales de la econom\u00eda.<\/span><\/span><\/li><li><span style=\"color: #6ec1e4;\"><a style=\"color: #6ec1e4;\" href=\"https:\/\/www.antoniopulido.es\/\" target=\"_blank\" rel=\"noopener\">Blog sobre futuro e innovaci\u00f3n<\/a><\/span> del Profesor D. Antonio Pulido San Rom\u00e1n (1940\u20142019).\u00a0<\/li><li><span style=\"color: #6ec1e4;\"><a style=\"color: #6ec1e4;\" href=\"https:\/\/ideas.repec.org\/\" target=\"_blank\" rel=\"noopener\">IDEAS<\/a><\/span> base de datos bibliogr\u00e1fica dedicada a la econom\u00eda.<\/li><li><span style=\"color: #6ec1e4;\"><a style=\"color: #6ec1e4;\" href=\"https:\/\/nadaesgratis.es\/tag\/econometria\" target=\"_blank\" rel=\"noopener\">Nada es gratis<\/a><\/span> es un blog de econom\u00eda en espa\u00f1ol del que son editores\/a<span style=\"font-size: 1rem;\"> Profesor D. Francisco Beltr\u00e1n Tapia (University of Cambridge), Profesora D\u00f1a. Antonia D\u00edaz (Universidad Carlos III de Madrid), Profesor D. Jos\u00e9 Luis Ferreira (Universidad Carlos III de Madrid), Profesor D. Javier Ferri (Universidad de Valencia) y Profesor D. Juan Francisco Jimeno (Banco de Espa\u00f1a). Adem\u00e1s, un amplio grupo de economistas de habla hispana <\/span><a style=\"font-size: 1rem;\" href=\"https:\/\/nadaesgratis.es\/colaboradores\">colabora<\/a><span style=\"font-size: 1rem;\"> en \u00e9l de forma regular.<br \/><\/span><\/li><\/ul><\/li><\/ul>\t\t\t\t\t\t<\/div>\n\t\t\t\t<\/div>\n\t\t\t\t\t<\/div>\n\t\t<\/div>\n\t\t\t\t\t\t\t<\/div>\n\t\t<\/section>\n\t\t\t\t<section class=\"elementor-section elementor-top-section elementor-element elementor-element-c5a95af elementor-section-boxed elementor-section-height-default elementor-section-height-default\" data-id=\"c5a95af\" data-element_type=\"section\">\n\t\t\t\t\t\t<div class=\"elementor-container elementor-column-gap-default\">\n\t\t\t\t\t<div class=\"elementor-column elementor-col-100 elementor-top-column elementor-element elementor-element-368f889\" data-id=\"368f889\" data-element_type=\"column\">\n\t\t\t<div class=\"elementor-widget-wrap elementor-element-populated\">\n\t\t\t\t\t\t\t\t<div class=\"elementor-element elementor-element-44d59c1 elementor-widget elementor-widget-heading\" data-id=\"44d59c1\" data-element_type=\"widget\" data-widget_type=\"heading.default\">\n\t\t\t\t<div class=\"elementor-widget-container\">\n\t\t\t<h2 class=\"elementor-heading-title elementor-size-default\">Material de estudio<\/h2>\t\t<\/div>\n\t\t\t\t<\/div>\n\t\t\t\t<div class=\"elementor-element elementor-element-fdeeca1 elementor-widget elementor-widget-text-editor\" data-id=\"fdeeca1\" data-element_type=\"widget\" data-widget_type=\"text-editor.default\">\n\t\t\t\t<div class=\"elementor-widget-container\">\n\t\t\t\t\t\t\t<ul><li style=\"list-style-type: none;\"><ul><li><a href=\"https:\/\/sites.google.com\/site\/appleonometrics\/\" target=\"_blank\" rel=\"noopener\"><span style=\"color: #6ec1e4;\">Applied Econometrics<\/span><\/a>. Blog del Profesor D. Biwei Chen (Baruch College \u2014The City University of New York)<\/li><li><span style=\"color: #00ccff;\"><span style=\"color: #6ec1e4;\"><a style=\"color: #6ec1e4;\" href=\"http:\/\/www.econlinks.uma.es\/TE\/econometria.htm\" target=\"_blank\" rel=\"noopener\">La econometr\u00eda en internet<\/a> <\/span><span style=\"color: #3c3c3c;\">es una<\/span><\/span><span style=\"color: #3c3c3c;\"> p\u00e1gina web de los Profesores D. Francisco Trujillo y D. Jos\u00e9 E. Villena de la Universidad de M\u00e1laga en la que se pueden encontrar diversos enlaces a bases de datos nacionales e internacionales, revistas cient\u00edficas, programas inform\u00e1ticos, etc\u00e9tera.<\/span><\/li><li><span style=\"color: #6ec1e4;\"><a style=\"color: #6ec1e4;\" href=\"https:\/\/laeconometria.blogspot.com\" target=\"_blank\" rel=\"noopener\">Econometr\u00eda. Aplicaci\u00f3n de los m\u00e9todos estad\u00edsticos al estudio de la econom\u00eda.<\/a> <\/span>Blog con cuestiones te\u00f3ricas y ejemplos pr\u00e1cticos.<\/li><li><span style=\"color: #6ec1e4;\"><a style=\"color: #6ec1e4;\" href=\"https:\/\/rstudio-pubs-static.s3.amazonaws.com\/522138_01455dc73b3b476aafa1cfc4f306770c.html#01_la_escencia_del_an%C3%A1lisis_de_regresi%C3%B3n\" target=\"_blank\" rel=\"noopener\">Modelos de regresi\u00f3n lineales.<\/a>\u00a0<\/span><\/li><li><a href=\"http:\/\/www.estadisticaparatodos.es\/\" target=\"_blank\" rel=\"noopener\"><span style=\"color: #6ec1e4;\">Estad\u00edstica para todos<\/span><\/a>\u00a0<\/li><li><a href=\"http:\/\/humanidades.cchs.csic.es\/cchs\/web_UAE\/inicio.htm\" target=\"_blank\" rel=\"noopener\"><span style=\"color: #6ec1e4;\">Unidad de an\u00e1lisis estad\u00edstico del CSIC<\/span><\/a><\/li><\/ul><\/li><\/ul>\t\t\t\t\t\t<\/div>\n\t\t\t\t<\/div>\n\t\t\t\t\t<\/div>\n\t\t<\/div>\n\t\t\t\t\t\t\t<\/div>\n\t\t<\/section>\n\t\t\t\t<section class=\"elementor-section elementor-top-section elementor-element elementor-element-8f1107c elementor-section-boxed elementor-section-height-default elementor-section-height-default\" data-id=\"8f1107c\" data-element_type=\"section\">\n\t\t\t\t\t\t<div class=\"elementor-container elementor-column-gap-default\">\n\t\t\t\t\t<div class=\"elementor-column elementor-col-100 elementor-top-column elementor-element elementor-element-8af85d6\" data-id=\"8af85d6\" data-element_type=\"column\">\n\t\t\t<div class=\"elementor-widget-wrap elementor-element-populated\">\n\t\t\t\t\t\t\t\t<div class=\"elementor-element elementor-element-a68c6f4 elementor-widget elementor-widget-heading\" data-id=\"a68c6f4\" data-element_type=\"widget\" data-widget_type=\"heading.default\">\n\t\t\t\t<div class=\"elementor-widget-container\">\n\t\t\t<h2 class=\"elementor-heading-title elementor-size-default\">Conferencias<\/h2>\t\t<\/div>\n\t\t\t\t<\/div>\n\t\t\t\t<div class=\"elementor-element elementor-element-447db0f elementor-widget elementor-widget-text-editor\" data-id=\"447db0f\" data-element_type=\"widget\" data-widget_type=\"text-editor.default\">\n\t\t\t\t<div class=\"elementor-widget-container\">\n\t\t\t\t\t\t\t<p><span style=\"color: #6ec1e4;\"><a style=\"color: #6ec1e4;\" href=\"https:\/\/youtu.be\/s20tr1OHp68\" target=\"_blank\" rel=\"noopener\">Limitaciones y posibilidades de la predicci\u00f3n Econ\u00f3mica<\/a><\/span>. Profesor D. Antonio Pulido San Rom\u00e1n (1940\u20142019).<\/p>\t\t\t\t\t\t<\/div>\n\t\t\t\t<\/div>\n\t\t\t\t\t<\/div>\n\t\t<\/div>\n\t\t\t\t\t\t\t<\/div>\n\t\t<\/section>\n\t\t\t\t<section class=\"elementor-section elementor-top-section elementor-element elementor-element-96128e9 elementor-section-boxed elementor-section-height-default elementor-section-height-default\" data-id=\"96128e9\" data-element_type=\"section\">\n\t\t\t\t\t\t<div class=\"elementor-container elementor-column-gap-default\">\n\t\t\t\t\t<div class=\"elementor-column elementor-col-100 elementor-top-column elementor-element elementor-element-3b861c9\" data-id=\"3b861c9\" data-element_type=\"column\">\n\t\t\t<div class=\"elementor-widget-wrap elementor-element-populated\">\n\t\t\t\t\t\t\t\t<div class=\"elementor-element elementor-element-ec34c47 elementor-widget elementor-widget-heading\" data-id=\"ec34c47\" data-element_type=\"widget\" data-widget_type=\"heading.default\">\n\t\t\t\t<div class=\"elementor-widget-container\">\n\t\t\t<h2 class=\"elementor-heading-title elementor-size-default\">Tutoriales<\/h2>\t\t<\/div>\n\t\t\t\t<\/div>\n\t\t\t\t<div class=\"elementor-element elementor-element-67a5c87 elementor-widget elementor-widget-text-editor\" data-id=\"67a5c87\" data-element_type=\"widget\" data-widget_type=\"text-editor.default\">\n\t\t\t\t<div class=\"elementor-widget-container\">\n\t\t\t\t\t\t\t<p>El modelo de regresi\u00f3n lineal <span style=\"color: #3c3c3c;\">m\u00faltiple<\/span><\/p><ul><li style=\"list-style-type: none;\"><ul><li><span style=\"font-size: 1rem;\">Profesora D\u00f1a. M\u00aa Victoria Verdugo Mat\u00e9s.<\/span><span style=\"color: #6ec1e4;\"> <a style=\"color: #6ec1e4;\" href=\"https:\/\/youtu.be\/yeqQnQlqRmU\" target=\"_blank\" rel=\"noopener\">Universidad de Vigo<\/a><\/span><\/li><li>Profesora D\u00f1a. Ana G.Sipols <span style=\"color: #6ec1e4;\"><a style=\"color: #6ec1e4;\" href=\"https:\/\/youtu.be\/eEsqMNxPN0E\" target=\"_blank\" rel=\"noopener\">Universidad Rey Juan Carlos\u00a0<\/a><\/span><\/li><\/ul><\/li><\/ul><p>Estimaci\u00f3n MCO<\/p><ul><li style=\"list-style-type: none;\"><ul><li style=\"list-style-type: none;\"><ul><li><span style=\"font-size: 1rem;\">con <\/span><span style=\"color: #6ec1e4;\"><a style=\"color: #6ec1e4;\" href=\"https:\/\/youtu.be\/c0NstGELJQM\" target=\"_blank\" rel=\"noopener\"><em>Excel<\/em><\/a><\/span><\/li><li>con <a href=\"https:\/\/youtu.be\/PKzTnPTU_F4\" target=\"_blank\" rel=\"noopener\"><span style=\"color: #6ec1e4;\"><em>EViews<\/em><\/span><\/a><\/li><li>con <a href=\"https:\/\/youtu.be\/Qcye2J4W2KI\" target=\"_blank\" rel=\"noopener\"><em><span style=\"color: #6ec1e4;\">Gretl<\/span><\/em><\/a><\/li><\/ul><\/li><\/ul><\/li><\/ul><p>Ejercicios<\/p><ul><li style=\"list-style-type: none;\"><ul><li style=\"list-style-type: none;\"><ul><li>Matriz de varianzas-covarianzas estimada de los estimadores con <a href=\"https:\/\/youtu.be\/_OAEP1HHFfE\" target=\"_blank\" rel=\"noopener\"><em><span style=\"color: #6ec1e4;\">Excel<\/span><\/em><\/a><\/li><li>Contrastes de hip\u00f3tesis con <span style=\"color: #6ec1e4;\"><a style=\"color: #6ec1e4;\" href=\"https:\/\/youtu.be\/tdcpQ28_jco\" target=\"_blank\" rel=\"noopener\"><em>Eviews<\/em><\/a><\/span><\/li><li>Predicci\u00f3n con<a href=\"https:\/\/youtu.be\/q8np874URkI\" target=\"_blank\" rel=\"noopener\"><span style=\"color: #6ec1e4;\"><em> Excel<\/em><\/span><\/a>\u00a0<\/li><\/ul><\/li><\/ul><\/li><\/ul>\t\t\t\t\t\t<\/div>\n\t\t\t\t<\/div>\n\t\t\t\t\t<\/div>\n\t\t<\/div>\n\t\t\t\t\t\t\t<\/div>\n\t\t<\/section>\n\t\t\t\t\t\t\t<\/div>\n\t\t","protected":false},"excerpt":{"rendered":"<p>Enlaces a sitios web Art\u00edculos de investigaci\u00f3n y\/o divulgaci\u00f3n Equipo de econometr\u00eda de la USC (coordinado por la Catedr\u00e1tica de Econometr\u00eda Profesora D\u00f1a. M. Carmen Guis\u00e1n Seijas) con enlaces a art\u00edculos de investigaci\u00f3n enfocados a resolver problemas reales de la econom\u00eda. Blog sobre futuro e innovaci\u00f3n del Profesor D. Antonio Pulido San Rom\u00e1n (1940\u20142019).\u00a0 IDEAS &hellip; <\/p>\n<p class=\"link-more\"><a href=\"https:\/\/fee.carlarey.es\/index.php\/enlaces-de-interes\/\" class=\"more-link\">Continuar leyendo<span class=\"screen-reader-text\"> \u00abEnlaces de inter\u00e9s\u00bb<\/span><\/a><\/p>\n","protected":false},"author":1,"featured_media":0,"parent":0,"menu_order":0,"comment_status":"closed","ping_status":"closed","template":"elementor_header_footer","meta":[],"_links":{"self":[{"href":"https:\/\/fee.carlarey.es\/index.php\/wp-json\/wp\/v2\/pages\/8424"}],"collection":[{"href":"https:\/\/fee.carlarey.es\/index.php\/wp-json\/wp\/v2\/pages"}],"about":[{"href":"https:\/\/fee.carlarey.es\/index.php\/wp-json\/wp\/v2\/types\/page"}],"author":[{"embeddable":true,"href":"https:\/\/fee.carlarey.es\/index.php\/wp-json\/wp\/v2\/users\/1"}],"replies":[{"embeddable":true,"href":"https:\/\/fee.carlarey.es\/index.php\/wp-json\/wp\/v2\/comments?post=8424"}],"version-history":[{"count":271,"href":"https:\/\/fee.carlarey.es\/index.php\/wp-json\/wp\/v2\/pages\/8424\/revisions"}],"predecessor-version":[{"id":26508,"href":"https:\/\/fee.carlarey.es\/index.php\/wp-json\/wp\/v2\/pages\/8424\/revisions\/26508"}],"wp:attachment":[{"href":"https:\/\/fee.carlarey.es\/index.php\/wp-json\/wp\/v2\/media?parent=8424"}],"curies":[{"name":"wp","href":"https:\/\/api.w.org\/{rel}","templated":true}]}}